{"id":1218,"date":"2020-03-26T19:15:42","date_gmt":"2020-03-26T18:15:42","guid":{"rendered":"https:\/\/bravicaffe.com\/?page_id=1218"},"modified":"2020-03-26T19:15:42","modified_gmt":"2020-03-26T18:15:42","slug":"complementary-products","status":"publish","type":"page","link":"https:\/\/bravicaffe.com\/en\/complementary-products\/","title":{"rendered":"Complementary products"},"content":{"rendered":"<p>[vc_row][vc_column]\n\t\t\t<!-- START Prodotti 3 REVOLUTION SLIDER 6.1.6 --><p class=\"rs-p-wp-fix\"><\/p>\n\t\t\t<rs-module-wrap id=\"rev_slider_12_1_wrapper\" data-source=\"gallery\" style=\"background:transparent;padding:0;margin:0px auto;margin-top:0;margin-bottom:0;\">\n\t\t\t\t<rs-module id=\"rev_slider_12_1\" style=\"display:none;\" data-version=\"6.1.6\">\n\t\t\t\t\t<rs-slides>\n\t\t\t\t\t\t<rs-slide data-key=\"rs-18\" data-title=\"Slide\" data-anim=\"ei:d;eo:d;s:1000;r:0;t:fade;sl:0;\">\n\t\t\t\t\t\t\t<img src=\"\/\/bravicaffe.com\/wp-content\/uploads\/2020\/02\/prodotti.jpg\" title=\"prodotti\" width=\"2400\" height=\"1110\" class=\"rev-slidebg\" data-no-retina>\n<!--\n\t\t\t\t\t\t\t--><rs-layer\n\t\t\t\t\t\t\t\tid=\"slider-12-slide-18-layer-1\" \n\t\t\t\t\t\t\t\tdata-type=\"text\"\n\t\t\t\t\t\t\t\tdata-color=\"#fff\"\n\t\t\t\t\t\t\t\tdata-rsp_ch=\"on\"\n\t\t\t\t\t\t\t\tdata-xy=\"x:c;y:c;\"\n\t\t\t\t\t\t\t\tdata-text=\"w:normal;s:70;l:40;ls:1;\"\n\t\t\t\t\t\t\t\tdata-dim=\"minh:0px;\"\n\t\t\t\t\t\t\t\tdata-frame_999=\"o:0;st:w;\"\n\t\t\t\t\t\t\t\tstyle=\"z-index:6;font-family:Ropa Sans;\"\n\t\t\t\t\t\t\t>PRODOTTI COMPLEMENTARI \n\t\t\t\t\t\t\t<\/rs-layer><!--\n\n\t\t\t\t\t\t\t--><rs-layer\n\t\t\t\t\t\t\t\tid=\"slider-12-slide-18-layer-2\" \n\t\t\t\t\t\t\t\tdata-type=\"text\"\n\t\t\t\t\t\t\t\tdata-color=\"#fff\"\n\t\t\t\t\t\t\t\tdata-rsp_ch=\"on\"\n\t\t\t\t\t\t\t\tdata-xy=\"x:c;y:c;yo:74px;\"\n\t\t\t\t\t\t\t\tdata-text=\"w:normal;s:40;l:40;ls:1;\"\n\t\t\t\t\t\t\t\tdata-dim=\"minh:0px;\"\n\t\t\t\t\t\t\t\tdata-frame_999=\"o:0;st:w;\"\n\t\t\t\t\t\t\t\tstyle=\"z-index:6;font-family:Ropa Sans;font-style:italic;\"\n\t\t\t\t\t\t\t>Prodotti \n\t\t\t\t\t\t\t<\/rs-layer><!--\n-->\t\t\t\t\t\t<\/rs-slide>\n\t\t\t\t\t<\/rs-slides>\n\t\t\t\t\t<rs-progress class=\"rs-bottom\" style=\"visibility: hidden !important;\"><\/rs-progress>\n\t\t\t\t<\/rs-module>\n\t\t\t\t<script type=\"text\/javascript\">\n\t\t\t\t\tsetREVStartSize({c: 'rev_slider_12_1',rl:[1240,1024,778,480],el:[400],gw:[1240],gh:[400],type:'standard',justify:'',layout:'fullwidth',mh:\"0\"});\n\t\t\t\t\tvar\trevapi12,\n\t\t\t\t\t\ttpj;\n\t\t\t\t\tjQuery(function() {\n\t\t\t\t\t\ttpj = jQuery;\n\t\t\t\t\t\tif(tpj(\"#rev_slider_12_1\").revolution == undefined){\n\t\t\t\t\t\t\trevslider_showDoubleJqueryError(\"#rev_slider_12_1\");\n\t\t\t\t\t\t}else{\n\t\t\t\t\t\t\trevapi12 = tpj(\"#rev_slider_12_1\").show().revolution({\n\t\t\t\t\t\t\t\tjsFileLocation:\"\/\/bravicaffe.com\/wp-content\/plugins\/revslider\/public\/assets\/js\/\",\n\t\t\t\t\t\t\t\tsliderLayout:\"fullwidth\",\n\t\t\t\t\t\t\t\tvisibilityLevels:\"1240,1024,778,480\",\n\t\t\t\t\t\t\t\tgridwidth:1240,\n\t\t\t\t\t\t\t\tgridheight:400,\n\t\t\t\t\t\t\t\tspinner:\"spinner0\",\n\t\t\t\t\t\t\t\teditorheight:\"400,768,960,720\",\n\t\t\t\t\t\t\t\tresponsiveLevels:\"1240,1024,778,480\",\n\t\t\t\t\t\t\t\tdisableProgressBar:\"on\",\n\t\t\t\t\t\t\t\tnavigation: {\n\t\t\t\t\t\t\t\t\tonHoverStop:false\n\t\t\t\t\t\t\t\t},\n\t\t\t\t\t\t\t\tfallbacks: {\n\t\t\t\t\t\t\t\t\tallowHTML5AutoPlayOnAndroid:true\n\t\t\t\t\t\t\t\t},\n\t\t\t\t\t\t\t});\n\t\t\t\t\t\t}\n\t\t\t\t\t\t\n\t\t\t\t\t});\n\t\t\t\t<\/script>\n\t\t\t<\/rs-module-wrap>\n\t\t\t<!-- END REVOLUTION SLIDER -->\n[\/vc_column][\/vc_row][vc_row][vc_column][vc_empty_space height=&#8221;100px&#8221;][\/vc_column][\/vc_row][vc_row][vc_column width=&#8221;1\/3&#8243;][vc_single_image image=&#8221;520&#8243; img_size=&#8221;full&#8221;][vc_empty_space height=&#8221;40px&#8221;][\/vc_column][vc_column width=&#8221;1\/3&#8243;][vc_column_text]<strong>Biscotti Cordialit\u00e0<\/strong> &#8211; Scatola da 300 pezzi<br \/>\n<strong>Caff\u00e8 Dek HAG<\/strong> &#8211; Confezione da 160 bs<br \/>\n<strong>Caramella al Caff\u00e8 Kopiko<\/strong> &#8211; Busta da 800 gr.<br \/>\n<strong>Cioccolata Bianca<\/strong> &#8211; Confezione da 60 bs. monodose<br \/>\n<strong>Cioccolata Nera<\/strong> &#8211; Confezione da 60 bs. monodose<br \/>\n<strong>Cioccolatino fondente<\/strong> &#8211; Busta da 285 pz. \u2013 1 Kg<br \/>\n<strong>Dolcificante Dietor<\/strong> &#8211; Espositore da 276 bs<br \/>\n<strong>Dolcificante Sweet Diet<\/strong> &#8211; Espositore da 150 bs.<br \/>\n<strong>Novaroma vari gusti<\/strong> &#8211; Zucchero aromatizzato<br \/>\n<strong>Orzo Bravi<\/strong> &#8211; Confezione da 25 cialde monodose<br \/>\n<strong>Te Hornimans<\/strong> &#8211; Confezione da 100 filtri<br \/>\n<strong>Te liofilizzato limone\/pesca<\/strong> &#8211; Confezioni da 60 bs. da 190 gr (2 Litri)<br \/>\n<strong>Cioccolata Ciokotime aromatizzata<\/strong> &#8211; Scatola da 90 bs 9 GUSTI: Classica, Bianca, Nocciola, Menta, Rum, Vaniglia, Gianduia, Peperoncino, Spezie d\u2019Oriente + 3 box da 20 bs classica, bianca e nocciola.<br \/>\n<strong>Caff\u00e8 Gincup<\/strong> &#8211; Scatola 10 bs monodose[\/vc_column_text][\/vc_column][vc_column width=&#8221;1\/3&#8243;][vc_column_text]<strong>Caff\u00e8 ginseng solubile<\/strong> &#8211; Da 1Kg<br \/>\n<strong>Orzo solubile<\/strong> &#8211; Bs da 250 gr<br \/>\n<strong>Crema fredda al caff\u00e8<\/strong> &#8211; Bs da 1 Kg<br \/>\n<strong>Camomilla House of Tea<\/strong> &#8211; 50 filtri<br \/>\n<strong>T\u00e8 House of Tea<\/strong> &#8211; Scatola da 50 filtri<br \/>\n<strong>Scatola in legno<\/strong> &#8211; Da 120 bs t\u00e8 aromatizzati cari aromi Gusti: bergamotto, vaniglia, pesca, t\u00e8 verde, arancia, frutti di bosco, limone, t\u00e8 verde alla menta.<br \/>\n<strong>T\u00e8 aromatizzati<\/strong> &#8211; IN SCATOLE da 20 bustine: Bergamotto,Vaniglia, Pesca, T\u00e8 verde, Arancia, Frutti di Bosco,Limone, T\u00e8 verde alla menta.<br \/>\n<strong>Espositore Miele Imperatore Claudio<\/strong> &#8211; Confezione da 100 bs<br \/>\n<strong>Espositore Fruttosio<\/strong> &#8211; Da 150 bs monodose<br \/>\n<strong>Zucchero Bravi<\/strong> &#8211; Bustine da 5g<br \/>\n<strong>Zucchero di canna<\/strong> &#8211; Espositore da 150 bs<br \/>\n<strong>Zucchero di Novaroma cubotto<\/strong> &#8211; 80 bs gusti assortiti: sambuca, nocciola, cannella, vaniglia, cacao.<br \/>\n<strong>Crema di nocciola per caff\u00e8<\/strong> &#8211; Topping 200 g (40 caff\u00e8)[\/vc_column_text][\/vc_column][\/vc_row][vc_row][vc_column][vc_empty_space height=&#8221;100px&#8221;][\/vc_column][\/vc_row]<\/p>\n","protected":false},"excerpt":{"rendered":"<p>[vc_row][vc_column][\/vc_column][\/vc_row][vc_row][vc_column][vc_empty_space height=&#8221;100px&#8221;][\/vc_column][\/vc_row][vc_row][vc_column width=&#8221;1\/3&#8243;][vc_single_image image=&#8221;520&#8243; img_size=&#8221;full&#8221;][vc_empty_space height=&#8221;40px&#8221;][\/vc_column][vc_column width=&#8221;1\/3&#8243;][vc_column_text]Biscotti Cordialit\u00e0 &#8211; Scatola da 300 pezzi Caff\u00e8 Dek HAG &#8211; Confezione da 160 bs Caramella al Caff\u00e8 Kopiko &#8211; Busta da 800 gr. Cioccolata Bianca &#8211; Confezione da 60 bs. monodose Cioccolata Nera &#8211; Confezione da 60 bs. monodose Cioccolatino fondente &#8211; Busta da 285 pz. \u2013 1 &hellip;<\/p>\n","protected":false},"author":1,"featured_media":0,"parent":0,"menu_order":0,"comment_status":"closed","ping_status":"closed","template":"","meta":[],"_links":{"self":[{"href":"https:\/\/bravicaffe.com\/en\/wp-json\/wp\/v2\/pages\/1218"}],"collection":[{"href":"https:\/\/bravicaffe.com\/en\/wp-json\/wp\/v2\/pages"}],"about":[{"href":"https:\/\/bravicaffe.com\/en\/wp-json\/wp\/v2\/types\/page"}],"author":[{"embeddable":true,"href":"https:\/\/bravicaffe.com\/en\/wp-json\/wp\/v2\/users\/1"}],"replies":[{"embeddable":true,"href":"https:\/\/bravicaffe.com\/en\/wp-json\/wp\/v2\/comments?post=1218"}],"version-history":[{"count":2,"href":"https:\/\/bravicaffe.com\/en\/wp-json\/wp\/v2\/pages\/1218\/revisions"}],"predecessor-version":[{"id":1220,"href":"https:\/\/bravicaffe.com\/en\/wp-json\/wp\/v2\/pages\/1218\/revisions\/1220"}],"wp:attachment":[{"href":"https:\/\/bravicaffe.com\/en\/wp-json\/wp\/v2\/media?parent=1218"}],"curies":[{"name":"wp","href":"https:\/\/api.w.org\/{rel}","templated":true}]}}