{"id":2409,"date":"2020-10-21T18:04:52","date_gmt":"2020-10-21T16:04:52","guid":{"rendered":"https:\/\/bravicaffe.com\/product\/singola-origine-brasile-santos\/"},"modified":"2025-03-18T11:02:33","modified_gmt":"2025-03-18T10:02:33","slug":"singola-origine-brasile-santos","status":"publish","type":"product","link":"https:\/\/bravicaffe.com\/en\/product\/singola-origine-brasile-santos\/","title":{"rendered":"Singola origine BRASILE SANTOS"},"content":{"rendered":"<p>[vc_row][vc_column width=&#8221;1\/3&#8243;][vc_custom_heading text=&#8221;COMPOSIZIONE MISCELA&#8221; font_container=&#8221;tag:h4|text_align:center&#8221; use_theme_fonts=&#8221;yes&#8221;][vc_separator][vc_empty_space height=&#8221;10px&#8221;][vc_column_text]<\/p>\n<p style=\"text-align: center;\">Il Brasile \u00e8 il primo produttore di caff\u00e8 verde, principalmente Arabica ed il Suo Santos \u00e8 spesso utilizzato come base per creare una miscela.<\/p>\n<p>[\/vc_column_text][\/vc_column][vc_column width=&#8221;1\/3&#8243;][vc_custom_heading text=&#8221;GUSTO&#8221; font_container=&#8221;tag:h4|text_align:center&#8221; use_theme_fonts=&#8221;yes&#8221;][vc_separator][vc_empty_space height=&#8221;10px&#8221;][vc_column_text]<\/p>\n<p style=\"text-align: center;\">In singola origine si presenta dolce, corpo pastoso, dalla bassa acidit\u00e0, aroma vellutato ed avvolgente, con una delicata sfumatura di cioccolato.<\/p>\n<p>[\/vc_column_text][\/vc_column][vc_column width=&#8221;1\/3&#8243;][vc_custom_heading text=&#8221;LIVELLO DI TOSTATURA&#8221; font_container=&#8221;tag:h4|text_align:center&#8221; use_theme_fonts=&#8221;yes&#8221;][vc_separator][vc_empty_space height=&#8221;10px&#8221;][vc_column_text]<\/p>\n<p style=\"text-align: center;\">Medio<\/p>\n<p>[\/vc_column_text][\/vc_column][\/vc_row][vc_row][vc_column][vc_empty_space height=&#8221;70px&#8221;][\/vc_column][\/vc_row][vc_row][vc_column width=&#8221;1\/4&#8243;][vc_custom_heading text=&#8221;CORPO&#8221; font_container=&#8221;tag:h4|text_align:left&#8221; use_theme_fonts=&#8221;yes&#8221;][\/vc_column][vc_column width=&#8221;3\/4&#8243;][social_vc_father][social_vc_son height=&#8221;35&#8243; url=&#8221;#&#8221; icon=&#8221;fas fa-check-square&#8221; clr=&#8221;#4b2f1b&#8221;][social_vc_son height=&#8221;35&#8243; url=&#8221;#&#8221; icon=&#8221;fas fa-check-square&#8221; clr=&#8221;#4b2f1b&#8221;][social_vc_son height=&#8221;35&#8243; url=&#8221;#&#8221; icon=&#8221;fas fa-check-square&#8221; clr=&#8221;#4b2f1b&#8221;][\/social_vc_father][\/vc_column][\/vc_row][vc_row][vc_column][vc_separator][\/vc_column][\/vc_row][vc_row][vc_column][vc_empty_space height=&#8221;20px&#8221;][\/vc_column][\/vc_row][vc_row][vc_column width=&#8221;1\/4&#8243;][vc_custom_heading text=&#8221;INTENSIT\u00c0&#8221; font_container=&#8221;tag:h4|text_align:left&#8221; use_theme_fonts=&#8221;yes&#8221;][\/vc_column][vc_column width=&#8221;3\/4&#8243;][social_vc_father][social_vc_son height=&#8221;35&#8243; url=&#8221;#&#8221; icon=&#8221;fas fa-check-square&#8221; clr=&#8221;#4b2f1b&#8221;][social_vc_son height=&#8221;35&#8243; url=&#8221;#&#8221; icon=&#8221;fas fa-check-square&#8221; clr=&#8221;#4b2f1b&#8221;][social_vc_son height=&#8221;35&#8243; url=&#8221;#&#8221; icon=&#8221;fas fa-check-square&#8221; clr=&#8221;#4b2f1b&#8221;][\/social_vc_father][\/vc_column][\/vc_row][vc_row][vc_column][vc_separator][\/vc_column][\/vc_row][vc_row][vc_column][vc_empty_space height=&#8221;20px&#8221;][\/vc_column][\/vc_row][vc_row][vc_column width=&#8221;1\/4&#8243;][vc_custom_heading text=&#8221;AROMA&#8221; font_container=&#8221;tag:h4|text_align:left&#8221; use_theme_fonts=&#8221;yes&#8221;][\/vc_column][vc_column width=&#8221;3\/4&#8243;][social_vc_father][social_vc_son height=&#8221;35&#8243; url=&#8221;#&#8221; icon=&#8221;fas fa-check-square&#8221; clr=&#8221;#4b2f1b&#8221;][social_vc_son height=&#8221;35&#8243; url=&#8221;#&#8221; icon=&#8221;fas fa-check-square&#8221; clr=&#8221;#4b2f1b&#8221;][social_vc_son height=&#8221;35&#8243; url=&#8221;#&#8221; icon=&#8221;fas fa-check-square&#8221; clr=&#8221;#4b2f1b&#8221;][social_vc_son height=&#8221;35&#8243; url=&#8221;#&#8221; icon=&#8221;fas fa-check-square&#8221; clr=&#8221;#4b2f1b&#8221;][\/social_vc_father][\/vc_column][\/vc_row][vc_row][vc_column][vc_separator][\/vc_column][\/vc_row][vc_row][vc_column][vc_empty_space height=&#8221;20px&#8221;][\/vc_column][\/vc_row][vc_row][vc_column width=&#8221;1\/4&#8243;][vc_custom_heading text=&#8221;EQUILIBRIO&#8221; font_container=&#8221;tag:h4|text_align:left&#8221; use_theme_fonts=&#8221;yes&#8221;][\/vc_column][vc_column width=&#8221;3\/4&#8243;][social_vc_father][social_vc_son height=&#8221;35&#8243; url=&#8221;#&#8221; icon=&#8221;fas fa-check-square&#8221; clr=&#8221;#4b2f1b&#8221;][social_vc_son height=&#8221;35&#8243; url=&#8221;#&#8221; icon=&#8221;fas fa-check-square&#8221; clr=&#8221;#4b2f1b&#8221;][social_vc_son height=&#8221;35&#8243; url=&#8221;#&#8221; icon=&#8221;fas fa-check-square&#8221; clr=&#8221;#4b2f1b&#8221;][\/social_vc_father][\/vc_column][\/vc_row][vc_row][vc_column][vc_separator][\/vc_column][\/vc_row][vc_row][vc_column][vc_empty_space height=&#8221;20px&#8221;][\/vc_column][\/vc_row][vc_row][vc_column width=&#8221;1\/4&#8243;][vc_custom_heading text=&#8221;DOLCEZZA&#8221; font_container=&#8221;tag:h4|text_align:left&#8221; use_theme_fonts=&#8221;yes&#8221;][\/vc_column][vc_column width=&#8221;3\/4&#8243;][social_vc_father][social_vc_son height=&#8221;35&#8243; url=&#8221;#&#8221; icon=&#8221;fas fa-check-square&#8221; clr=&#8221;#4b2f1b&#8221;][social_vc_son height=&#8221;35&#8243; url=&#8221;#&#8221; icon=&#8221;fas fa-check-square&#8221; clr=&#8221;#4b2f1b&#8221;][social_vc_son height=&#8221;35&#8243; url=&#8221;#&#8221; icon=&#8221;fas fa-check-square&#8221; clr=&#8221;#4b2f1b&#8221;][\/social_vc_father][\/vc_column][\/vc_row][vc_row][vc_column][vc_separator][\/vc_column][\/vc_row][vc_row][vc_column][vc_empty_space height=&#8221;20px&#8221;][\/vc_column][\/vc_row][vc_row][vc_column width=&#8221;1\/4&#8243;][vc_custom_heading text=&#8221;CREMA&#8221; font_container=&#8221;tag:h4|text_align:left&#8221; use_theme_fonts=&#8221;yes&#8221;][\/vc_column][vc_column width=&#8221;3\/4&#8243;][social_vc_father][social_vc_son height=&#8221;35&#8243; url=&#8221;#&#8221; icon=&#8221;fas fa-check-square&#8221; clr=&#8221;#4b2f1b&#8221;][social_vc_son height=&#8221;35&#8243; url=&#8221;#&#8221; icon=&#8221;fas fa-check-square&#8221; clr=&#8221;#4b2f1b&#8221;][social_vc_son height=&#8221;35&#8243; url=&#8221;#&#8221; icon=&#8221;fas fa-check-square&#8221; clr=&#8221;#4b2f1b&#8221;][\/social_vc_father][\/vc_column][\/vc_row][vc_row][vc_column][vc_separator][\/vc_column][\/vc_row][vc_row][vc_column][vc_empty_space height=&#8221;10px&#8221;][\/vc_column][\/vc_row]<\/p>\n","protected":false},"excerpt":{"rendered":"<ul>\n<li>Confezione da 1 Kg<\/li>\n<li>Caff\u00e8 tostato artigianalmente con controllo visivo del perfetto punto di tostatura.<\/li>\n<li>Per chi ama scoprire il gusto dei caff\u00e8 puri. Da una solo origine. Non miscelati.<\/li>\n<li>Confezionato in busta entro 48 h<\/li>\n<li>Busta con valvola \u201cSalva aroma\u201d.<\/li>\n<\/ul>\n","protected":false},"featured_media":1867,"comment_status":"closed","ping_status":"closed","template":"","meta":[],"_links":{"self":[{"href":"https:\/\/bravicaffe.com\/en\/wp-json\/wp\/v2\/product\/2409"}],"collection":[{"href":"https:\/\/bravicaffe.com\/en\/wp-json\/wp\/v2\/product"}],"about":[{"href":"https:\/\/bravicaffe.com\/en\/wp-json\/wp\/v2\/types\/product"}],"replies":[{"embeddable":true,"href":"https:\/\/bravicaffe.com\/en\/wp-json\/wp\/v2\/comments?post=2409"}],"wp:featuredmedia":[{"embeddable":true,"href":"https:\/\/bravicaffe.com\/en\/wp-json\/wp\/v2\/media\/1867"}],"wp:attachment":[{"href":"https:\/\/bravicaffe.com\/en\/wp-json\/wp\/v2\/media?parent=2409"}],"curies":[{"name":"wp","href":"https:\/\/api.w.org\/{rel}","templated":true}]}}