{"id":2410,"date":"2020-10-21T18:23:01","date_gmt":"2020-10-21T16:23:01","guid":{"rendered":"https:\/\/bravicaffe.com\/product\/singola-origine-etiopia-sidamo\/"},"modified":"2025-03-18T11:02:20","modified_gmt":"2025-03-18T10:02:20","slug":"singola-origine-etiopia-sidamo","status":"publish","type":"product","link":"https:\/\/bravicaffe.com\/en\/product\/singola-origine-etiopia-sidamo\/","title":{"rendered":"Singola origine ETIOPIA SIDAMO"},"content":{"rendered":"<p>[vc_row][vc_column width=&#8221;1\/3&#8243;][vc_custom_heading text=&#8221;COMPOSIZIONE MISCELA&#8221; font_container=&#8221;tag:h4|text_align:center&#8221; use_theme_fonts=&#8221;yes&#8221;][vc_separator][vc_empty_space height=&#8221;10px&#8221;][vc_column_text]<\/p>\n<p style=\"text-align: center;\">Nasce nel Sud dell\u2019Etiopia al confine con Kenia e Somalia, nella regione di Sidamo.<\/p>\n<p>[\/vc_column_text][\/vc_column][vc_column width=&#8221;1\/3&#8243;][vc_custom_heading text=&#8221;GUSTO&#8221; font_container=&#8221;tag:h4|text_align:center&#8221; use_theme_fonts=&#8221;yes&#8221;][vc_separator][vc_empty_space height=&#8221;10px&#8221;][vc_column_text]<\/p>\n<p style=\"text-align: center;\">Il Sidamo \u00e8 un caff\u00e8 profumato che si distingue per il forte aroma di fiori ed agrumi dal gusto selvatico, con percezioni che riportano alla frutta fresca tropicale, al miele, oltre che ai frutti di bosco. Il retrogusto \u00e8 piacevolmente speziato, corposit\u00e0 media ed acidit\u00e0 non eccessivamente intensa.<\/p>\n<p>[\/vc_column_text][\/vc_column][vc_column width=&#8221;1\/3&#8243;][vc_custom_heading text=&#8221;LIVELLO DI TOSTATURA&#8221; font_container=&#8221;tag:h4|text_align:center&#8221; use_theme_fonts=&#8221;yes&#8221;][vc_separator][vc_empty_space height=&#8221;10px&#8221;][vc_column_text]<\/p>\n<p style=\"text-align: center;\">Medio<\/p>\n<p>[\/vc_column_text][\/vc_column][\/vc_row][vc_row][vc_column][vc_empty_space height=&#8221;70px&#8221;][\/vc_column][\/vc_row][vc_row][vc_column width=&#8221;1\/4&#8243;][vc_custom_heading text=&#8221;CORPO&#8221; font_container=&#8221;tag:h4|text_align:left&#8221; use_theme_fonts=&#8221;yes&#8221;][\/vc_column][vc_column width=&#8221;3\/4&#8243;][social_vc_father][social_vc_son height=&#8221;35&#8243; url=&#8221;#&#8221; icon=&#8221;fas fa-check-square&#8221; clr=&#8221;#4b2f1b&#8221;][social_vc_son height=&#8221;35&#8243; url=&#8221;#&#8221; icon=&#8221;fas fa-check-square&#8221; clr=&#8221;#4b2f1b&#8221;][social_vc_son height=&#8221;35&#8243; url=&#8221;#&#8221; icon=&#8221;fas fa-check-square&#8221; clr=&#8221;#4b2f1b&#8221;][social_vc_son height=&#8221;35&#8243; url=&#8221;#&#8221; icon=&#8221;fas fa-check-square&#8221; clr=&#8221;#4b2f1b&#8221;][\/social_vc_father][\/vc_column][\/vc_row][vc_row][vc_column][vc_separator][\/vc_column][\/vc_row][vc_row][vc_column][vc_empty_space height=&#8221;20px&#8221;][\/vc_column][\/vc_row][vc_row][vc_column width=&#8221;1\/4&#8243;][vc_custom_heading text=&#8221;INTENSIT\u00c0&#8221; font_container=&#8221;tag:h4|text_align:left&#8221; use_theme_fonts=&#8221;yes&#8221;][\/vc_column][vc_column width=&#8221;3\/4&#8243;][social_vc_father][social_vc_son height=&#8221;35&#8243; url=&#8221;#&#8221; icon=&#8221;fas fa-check-square&#8221; clr=&#8221;#4b2f1b&#8221;][social_vc_son height=&#8221;35&#8243; url=&#8221;#&#8221; icon=&#8221;fas fa-check-square&#8221; clr=&#8221;#4b2f1b&#8221;][social_vc_son height=&#8221;35&#8243; url=&#8221;#&#8221; icon=&#8221;fas fa-check-square&#8221; clr=&#8221;#4b2f1b&#8221;][social_vc_son height=&#8221;35&#8243; url=&#8221;#&#8221; icon=&#8221;fas fa-check-square&#8221; clr=&#8221;#4b2f1b&#8221;][\/social_vc_father][\/vc_column][\/vc_row][vc_row][vc_column][vc_separator][\/vc_column][\/vc_row][vc_row][vc_column][vc_empty_space height=&#8221;20px&#8221;][\/vc_column][\/vc_row][vc_row][vc_column width=&#8221;1\/4&#8243;][vc_custom_heading text=&#8221;AROMA&#8221; font_container=&#8221;tag:h4|text_align:left&#8221; use_theme_fonts=&#8221;yes&#8221;][\/vc_column][vc_column width=&#8221;3\/4&#8243;][social_vc_father][social_vc_son height=&#8221;35&#8243; url=&#8221;#&#8221; icon=&#8221;fas fa-check-square&#8221; clr=&#8221;#4b2f1b&#8221;][social_vc_son height=&#8221;35&#8243; url=&#8221;#&#8221; icon=&#8221;fas fa-check-square&#8221; clr=&#8221;#4b2f1b&#8221;][social_vc_son height=&#8221;35&#8243; url=&#8221;#&#8221; icon=&#8221;fas fa-check-square&#8221; clr=&#8221;#4b2f1b&#8221;][social_vc_son height=&#8221;35&#8243; url=&#8221;#&#8221; icon=&#8221;fas fa-check-square&#8221; clr=&#8221;#4b2f1b&#8221;][\/social_vc_father][\/vc_column][\/vc_row][vc_row][vc_column][vc_separator][\/vc_column][\/vc_row][vc_row][vc_column][vc_empty_space height=&#8221;20px&#8221;][\/vc_column][\/vc_row][vc_row][vc_column width=&#8221;1\/4&#8243;][vc_custom_heading text=&#8221;EQUILIBRIO&#8221; font_container=&#8221;tag:h4|text_align:left&#8221; use_theme_fonts=&#8221;yes&#8221;][\/vc_column][vc_column width=&#8221;3\/4&#8243;][social_vc_father][social_vc_son height=&#8221;35&#8243; url=&#8221;#&#8221; icon=&#8221;fas fa-check-square&#8221; clr=&#8221;#4b2f1b&#8221;][social_vc_son height=&#8221;35&#8243; url=&#8221;#&#8221; icon=&#8221;fas fa-check-square&#8221; clr=&#8221;#4b2f1b&#8221;][social_vc_son height=&#8221;35&#8243; url=&#8221;#&#8221; icon=&#8221;fas fa-check-square&#8221; clr=&#8221;#4b2f1b&#8221;][\/social_vc_father][\/vc_column][\/vc_row][vc_row][vc_column][vc_separator][\/vc_column][\/vc_row][vc_row][vc_column][vc_empty_space height=&#8221;20px&#8221;][\/vc_column][\/vc_row][vc_row][vc_column width=&#8221;1\/4&#8243;][vc_custom_heading text=&#8221;DOLCEZZA&#8221; font_container=&#8221;tag:h4|text_align:left&#8221; use_theme_fonts=&#8221;yes&#8221;][\/vc_column][vc_column width=&#8221;3\/4&#8243;][social_vc_father][social_vc_son height=&#8221;35&#8243; url=&#8221;#&#8221; icon=&#8221;fas fa-check-square&#8221; clr=&#8221;#4b2f1b&#8221;][social_vc_son height=&#8221;35&#8243; url=&#8221;#&#8221; icon=&#8221;fas fa-check-square&#8221; clr=&#8221;#4b2f1b&#8221;][social_vc_son height=&#8221;35&#8243; url=&#8221;#&#8221; icon=&#8221;fas fa-check-square&#8221; clr=&#8221;#4b2f1b&#8221;][social_vc_son height=&#8221;35&#8243; url=&#8221;#&#8221; icon=&#8221;fas fa-check-square&#8221; clr=&#8221;#4b2f1b&#8221;][\/social_vc_father][\/vc_column][\/vc_row][vc_row][vc_column][vc_separator][\/vc_column][\/vc_row][vc_row][vc_column][vc_empty_space height=&#8221;20px&#8221;][\/vc_column][\/vc_row][vc_row][vc_column width=&#8221;1\/4&#8243;][vc_custom_heading text=&#8221;CREMA&#8221; font_container=&#8221;tag:h4|text_align:left&#8221; use_theme_fonts=&#8221;yes&#8221;][\/vc_column][vc_column width=&#8221;3\/4&#8243;][social_vc_father][social_vc_son height=&#8221;35&#8243; url=&#8221;#&#8221; icon=&#8221;fas fa-check-square&#8221; clr=&#8221;#4b2f1b&#8221;][social_vc_son height=&#8221;35&#8243; url=&#8221;#&#8221; icon=&#8221;fas fa-check-square&#8221; clr=&#8221;#4b2f1b&#8221;][social_vc_son height=&#8221;35&#8243; url=&#8221;#&#8221; icon=&#8221;fas fa-check-square&#8221; clr=&#8221;#4b2f1b&#8221;][\/social_vc_father][\/vc_column][\/vc_row][vc_row][vc_column][vc_separator][\/vc_column][\/vc_row][vc_row][vc_column][vc_empty_space height=&#8221;10px&#8221;][\/vc_column][\/vc_row]<\/p>\n","protected":false},"excerpt":{"rendered":"<ul>\n<li>Confezione da 1 Kg<\/li>\n<li>Caff\u00e8 tostato artigianalmente con controllo visivo del perfetto punto di tostatura.<\/li>\n<li>Per chi ama scoprire il gusto dei caff\u00e8 puri. Da una solo origine. Non miscelati.<\/li>\n<li>Confezionato in busta entro 48 h<\/li>\n<li>Busta con valvola \u201cSalva aroma\u201d.<\/li>\n<\/ul>\n","protected":false},"featured_media":1876,"comment_status":"closed","ping_status":"closed","template":"","meta":[],"_links":{"self":[{"href":"https:\/\/bravicaffe.com\/en\/wp-json\/wp\/v2\/product\/2410"}],"collection":[{"href":"https:\/\/bravicaffe.com\/en\/wp-json\/wp\/v2\/product"}],"about":[{"href":"https:\/\/bravicaffe.com\/en\/wp-json\/wp\/v2\/types\/product"}],"replies":[{"embeddable":true,"href":"https:\/\/bravicaffe.com\/en\/wp-json\/wp\/v2\/comments?post=2410"}],"wp:featuredmedia":[{"embeddable":true,"href":"https:\/\/bravicaffe.com\/en\/wp-json\/wp\/v2\/media\/1876"}],"wp:attachment":[{"href":"https:\/\/bravicaffe.com\/en\/wp-json\/wp\/v2\/media?parent=2410"}],"curies":[{"name":"wp","href":"https:\/\/api.w.org\/{rel}","templated":true}]}}