{"id":1224,"date":"2020-03-26T19:53:54","date_gmt":"2020-03-26T18:53:54","guid":{"rendered":"https:\/\/bravicaffe.com\/?page_id=1224"},"modified":"2020-03-26T19:53:55","modified_gmt":"2020-03-26T18:53:55","slug":"productos-complementarios","status":"publish","type":"page","link":"https:\/\/bravicaffe.com\/es\/productos-complementarios\/","title":{"rendered":"Productos complementarios"},"content":{"rendered":"<p>[vc_row][vc_column]\n\t\t\t<!-- START Prodotti 3 REVOLUTION SLIDER 6.1.6 --><p class=\"rs-p-wp-fix\"><\/p>\n\t\t\t<rs-module-wrap id=\"rev_slider_12_1_wrapper\" data-source=\"gallery\" style=\"background:transparent;padding:0;margin:0px auto;margin-top:0;margin-bottom:0;\">\n\t\t\t\t<rs-module id=\"rev_slider_12_1\" style=\"display:none;\" data-version=\"6.1.6\">\n\t\t\t\t\t<rs-slides>\n\t\t\t\t\t\t<rs-slide data-key=\"rs-18\" data-title=\"Slide\" data-anim=\"ei:d;eo:d;s:1000;r:0;t:fade;sl:0;\">\n\t\t\t\t\t\t\t<img src=\"\/\/bravicaffe.com\/wp-content\/uploads\/2020\/02\/prodotti.jpg\" title=\"prodotti\" width=\"2400\" height=\"1110\" class=\"rev-slidebg\" data-no-retina>\n<!--\n\t\t\t\t\t\t\t--><rs-layer\n\t\t\t\t\t\t\t\tid=\"slider-12-slide-18-layer-1\" \n\t\t\t\t\t\t\t\tdata-type=\"text\"\n\t\t\t\t\t\t\t\tdata-color=\"#fff\"\n\t\t\t\t\t\t\t\tdata-rsp_ch=\"on\"\n\t\t\t\t\t\t\t\tdata-xy=\"x:c;y:c;\"\n\t\t\t\t\t\t\t\tdata-text=\"w:normal;s:70;l:40;ls:1;\"\n\t\t\t\t\t\t\t\tdata-dim=\"minh:0px;\"\n\t\t\t\t\t\t\t\tdata-frame_999=\"o:0;st:w;\"\n\t\t\t\t\t\t\t\tstyle=\"z-index:6;font-family:Ropa Sans;\"\n\t\t\t\t\t\t\t>PRODOTTI COMPLEMENTARI \n\t\t\t\t\t\t\t<\/rs-layer><!--\n\n\t\t\t\t\t\t\t--><rs-layer\n\t\t\t\t\t\t\t\tid=\"slider-12-slide-18-layer-2\" \n\t\t\t\t\t\t\t\tdata-type=\"text\"\n\t\t\t\t\t\t\t\tdata-color=\"#fff\"\n\t\t\t\t\t\t\t\tdata-rsp_ch=\"on\"\n\t\t\t\t\t\t\t\tdata-xy=\"x:c;y:c;yo:74px;\"\n\t\t\t\t\t\t\t\tdata-text=\"w:normal;s:40;l:40;ls:1;\"\n\t\t\t\t\t\t\t\tdata-dim=\"minh:0px;\"\n\t\t\t\t\t\t\t\tdata-frame_999=\"o:0;st:w;\"\n\t\t\t\t\t\t\t\tstyle=\"z-index:6;font-family:Ropa Sans;font-style:italic;\"\n\t\t\t\t\t\t\t>Prodotti \n\t\t\t\t\t\t\t<\/rs-layer><!--\n-->\t\t\t\t\t\t<\/rs-slide>\n\t\t\t\t\t<\/rs-slides>\n\t\t\t\t\t<rs-progress class=\"rs-bottom\" style=\"visibility: hidden !important;\"><\/rs-progress>\n\t\t\t\t<\/rs-module>\n\t\t\t\t<script type=\"text\/javascript\">\n\t\t\t\t\tsetREVStartSize({c: 'rev_slider_12_1',rl:[1240,1024,778,480],el:[400],gw:[1240],gh:[400],type:'standard',justify:'',layout:'fullwidth',mh:\"0\"});\n\t\t\t\t\tvar\trevapi12,\n\t\t\t\t\t\ttpj;\n\t\t\t\t\tjQuery(function() {\n\t\t\t\t\t\ttpj = jQuery;\n\t\t\t\t\t\tif(tpj(\"#rev_slider_12_1\").revolution == undefined){\n\t\t\t\t\t\t\trevslider_showDoubleJqueryError(\"#rev_slider_12_1\");\n\t\t\t\t\t\t}else{\n\t\t\t\t\t\t\trevapi12 = tpj(\"#rev_slider_12_1\").show().revolution({\n\t\t\t\t\t\t\t\tjsFileLocation:\"\/\/bravicaffe.com\/wp-content\/plugins\/revslider\/public\/assets\/js\/\",\n\t\t\t\t\t\t\t\tsliderLayout:\"fullwidth\",\n\t\t\t\t\t\t\t\tvisibilityLevels:\"1240,1024,778,480\",\n\t\t\t\t\t\t\t\tgridwidth:1240,\n\t\t\t\t\t\t\t\tgridheight:400,\n\t\t\t\t\t\t\t\tspinner:\"spinner0\",\n\t\t\t\t\t\t\t\teditorheight:\"400,768,960,720\",\n\t\t\t\t\t\t\t\tresponsiveLevels:\"1240,1024,778,480\",\n\t\t\t\t\t\t\t\tdisableProgressBar:\"on\",\n\t\t\t\t\t\t\t\tnavigation: {\n\t\t\t\t\t\t\t\t\tonHoverStop:false\n\t\t\t\t\t\t\t\t},\n\t\t\t\t\t\t\t\tfallbacks: {\n\t\t\t\t\t\t\t\t\tallowHTML5AutoPlayOnAndroid:true\n\t\t\t\t\t\t\t\t},\n\t\t\t\t\t\t\t});\n\t\t\t\t\t\t}\n\t\t\t\t\t\t\n\t\t\t\t\t});\n\t\t\t\t<\/script>\n\t\t\t<\/rs-module-wrap>\n\t\t\t<!-- END REVOLUTION SLIDER -->\n[\/vc_column][\/vc_row][vc_row][vc_column][vc_empty_space height=&#8221;100px&#8221;][\/vc_column][\/vc_row][vc_row][vc_column width=&#8221;1\/3&#8243;][vc_single_image image=&#8221;524&#8243; img_size=&#8221;full&#8221;][vc_empty_space height=&#8221;40px&#8221;][\/vc_column][vc_column width=&#8221;1\/3&#8243;][vc_column_text]<strong>Galletas Cordialit\u00e0<\/strong> &#8211; Caja a partir de 300 pedazos<br \/>\n<strong>Caf\u00e8 HAG<\/strong> &#8211; Confecci\u00f2n 160 b.<br \/>\n<strong>Caramelo al caff\u00e8 el kopiko<\/strong> &#8211; Sobre a partir del gr el 800<br \/>\n<strong>Chocolate blanco<\/strong> &#8211; Confeccion 60 bolsitas<br \/>\n<strong>Chocolate negra<\/strong> &#8211; Confeccion 60 bolsitas<br \/>\n<strong>Chocolatinas 1Kg<\/strong> &#8211; Bolsitas de 285 p. \u2013 1 kg<br \/>\n<strong>Edulcorante Dietor<\/strong> &#8211; Distribuidor de 210 bs.<br \/>\n<strong>Dieta dulce de Dolcificante<\/strong> &#8211; Distribuidor de 150 b.<br \/>\n<strong>Vario gusto de Novaroma<\/strong> &#8211; Azucar aromatizado<br \/>\n<strong>Luff de Bravi<\/strong> &#8211; Confecci\u00f2n 25 monodosis<br \/>\n<strong>Te Hornimans<\/strong> &#8211; Confecci\u00f2n 100 filtri<br \/>\n<strong>T\u00e8 limon\/melocoton congelado-secos<\/strong> &#8211; Confecci\u00f2n 60 bolsitas 190gr. (2 Litri)<br \/>\n<strong>Chocolata Ciokotime especiada<\/strong> &#8211; Caja 90 sobres<br \/>\n<strong>Caf\u00e8 GinCup<\/strong> &#8211; Caja 10 sobres monodosis[\/vc_column_text][\/vc_column][vc_column width=&#8221;1\/3&#8243;][vc_column_text]<strong>Caf\u00e8 ginseng<\/strong> &#8211; 1Kg<br \/>\n<strong>Cebada soluble<\/strong> &#8211; Sobres 250 gr (cabeda)<br \/>\n<strong>Crema fresca en caf\u00e8<\/strong> &#8211; Sobres para 1 Kg<br \/>\n<strong>Manzanilla House of Tea<\/strong> &#8211; 50 filtros<br \/>\n<strong>T\u00e8 House of Tea<\/strong> &#8211; Caja da 50 filtros<br \/>\n<strong>Caja en Madera de t\u00e8<\/strong> &#8211; 120 sobres especiadas<br \/>\n<strong>T\u00e8 aromatizados<\/strong> &#8211; En cajita 20 sobres<br \/>\n<strong>Expositor miel Imperatore Claudio<\/strong> &#8211; Confezione da 100 bs<br \/>\n<strong>Distribuitor de azucar natural de fructo<\/strong> &#8211; 150 sobres una dosis<br \/>\n<strong>Az\u00f9car Bravi<\/strong> &#8211; Sobres 5 g<br \/>\n<strong>Az\u00f9car moreno<\/strong> &#8211; Distribuidor 150 sobres<br \/>\n<strong>Az\u00f9car Novaroma<\/strong> &#8211; 80 bolsas<br \/>\n<strong>Crema de evellana para caf\u00e8<\/strong> &#8211; Topping 200 g (40 caf\u00e8)[\/vc_column_text][\/vc_column][\/vc_row][vc_row][vc_column][vc_empty_space height=&#8221;100px&#8221;][\/vc_column][\/vc_row]<\/p>\n","protected":false},"excerpt":{"rendered":"<p>[vc_row][vc_column][\/vc_column][\/vc_row][vc_row][vc_column][vc_empty_space height=&#8221;100px&#8221;][\/vc_column][\/vc_row][vc_row][vc_column width=&#8221;1\/3&#8243;][vc_single_image image=&#8221;524&#8243; img_size=&#8221;full&#8221;][vc_empty_space height=&#8221;40px&#8221;][\/vc_column][vc_column width=&#8221;1\/3&#8243;][vc_column_text]Galletas Cordialit\u00e0 &#8211; Caja a partir de 300 pedazos Caf\u00e8 HAG &#8211; Confecci\u00f2n 160 b. Caramelo al caff\u00e8 el kopiko &#8211; Sobre a partir del gr el 800 Chocolate blanco &#8211; Confeccion 60 bolsitas Chocolate negra &#8211; Confeccion 60 bolsitas Chocolatinas 1Kg &#8211; Bolsitas de 285 p. \u2013 1 &hellip;<\/p>\n","protected":false},"author":1,"featured_media":0,"parent":0,"menu_order":0,"comment_status":"closed","ping_status":"closed","template":"","meta":[],"_links":{"self":[{"href":"https:\/\/bravicaffe.com\/es\/wp-json\/wp\/v2\/pages\/1224"}],"collection":[{"href":"https:\/\/bravicaffe.com\/es\/wp-json\/wp\/v2\/pages"}],"about":[{"href":"https:\/\/bravicaffe.com\/es\/wp-json\/wp\/v2\/types\/page"}],"author":[{"embeddable":true,"href":"https:\/\/bravicaffe.com\/es\/wp-json\/wp\/v2\/users\/1"}],"replies":[{"embeddable":true,"href":"https:\/\/bravicaffe.com\/es\/wp-json\/wp\/v2\/comments?post=1224"}],"version-history":[{"count":2,"href":"https:\/\/bravicaffe.com\/es\/wp-json\/wp\/v2\/pages\/1224\/revisions"}],"predecessor-version":[{"id":1226,"href":"https:\/\/bravicaffe.com\/es\/wp-json\/wp\/v2\/pages\/1224\/revisions\/1226"}],"wp:attachment":[{"href":"https:\/\/bravicaffe.com\/es\/wp-json\/wp\/v2\/media?parent=1224"}],"curies":[{"name":"wp","href":"https:\/\/api.w.org\/{rel}","templated":true}]}}