{"id":1257,"date":"2020-03-26T20:41:38","date_gmt":"2020-03-26T19:41:38","guid":{"rendered":"https:\/\/bravicaffe.com\/?page_id=1257"},"modified":"2020-03-26T20:41:38","modified_gmt":"2020-03-26T19:41:38","slug":"responsabilidad-social","status":"publish","type":"page","link":"https:\/\/bravicaffe.com\/es\/responsabilidad-social\/","title":{"rendered":"Responsabilidad Social"},"content":{"rendered":"<p>[vc_row][vc_column]\n\t\t\t<!-- START Causa sociale REVOLUTION SLIDER 6.1.6 --><p class=\"rs-p-wp-fix\"><\/p>\n\t\t\t<rs-module-wrap id=\"rev_slider_16_1_wrapper\" data-source=\"gallery\" style=\"background:transparent;padding:0;margin:0px auto;margin-top:0;margin-bottom:0;\">\n\t\t\t\t<rs-module id=\"rev_slider_16_1\" style=\"display:none;\" data-version=\"6.1.6\">\n\t\t\t\t\t<rs-slides>\n\t\t\t\t\t\t<rs-slide data-key=\"rs-22\" data-title=\"Slide\" data-anim=\"ei:d;eo:d;s:1000;r:0;t:fade;sl:0;\">\n\t\t\t\t\t\t\t<img src=\"\/\/bravicaffe.com\/wp-content\/uploads\/2020\/02\/causa-sociale-1.jpg\" title=\"causa sociale\" width=\"2400\" height=\"1100\" class=\"rev-slidebg\" data-no-retina>\n<!--\n\t\t\t\t\t\t\t--><rs-layer\n\t\t\t\t\t\t\t\tid=\"slider-16-slide-22-layer-1\" \n\t\t\t\t\t\t\t\tdata-type=\"text\"\n\t\t\t\t\t\t\t\tdata-color=\"#fff\"\n\t\t\t\t\t\t\t\tdata-rsp_ch=\"on\"\n\t\t\t\t\t\t\t\tdata-xy=\"x:c;y:c;\"\n\t\t\t\t\t\t\t\tdata-text=\"w:normal;s:70;l:40;ls:1;\"\n\t\t\t\t\t\t\t\tdata-dim=\"minh:0px;\"\n\t\t\t\t\t\t\t\tdata-frame_999=\"o:0;st:w;\"\n\t\t\t\t\t\t\t\tstyle=\"z-index:6;font-family:Ropa Sans;\"\n\t\t\t\t\t\t\t>CAUSA SOCIALE \n\t\t\t\t\t\t\t<\/rs-layer><!--\n-->\t\t\t\t\t\t<\/rs-slide>\n\t\t\t\t\t<\/rs-slides>\n\t\t\t\t\t<rs-progress class=\"rs-bottom\" style=\"visibility: hidden !important;\"><\/rs-progress>\n\t\t\t\t<\/rs-module>\n\t\t\t\t<script type=\"text\/javascript\">\n\t\t\t\t\tsetREVStartSize({c: 'rev_slider_16_1',rl:[1240,1024,778,480],el:[400],gw:[1240],gh:[400],type:'standard',justify:'',layout:'fullwidth',mh:\"0\"});\n\t\t\t\t\tvar\trevapi16,\n\t\t\t\t\t\ttpj;\n\t\t\t\t\tjQuery(function() {\n\t\t\t\t\t\ttpj = jQuery;\n\t\t\t\t\t\tif(tpj(\"#rev_slider_16_1\").revolution == undefined){\n\t\t\t\t\t\t\trevslider_showDoubleJqueryError(\"#rev_slider_16_1\");\n\t\t\t\t\t\t}else{\n\t\t\t\t\t\t\trevapi16 = tpj(\"#rev_slider_16_1\").show().revolution({\n\t\t\t\t\t\t\t\tjsFileLocation:\"\/\/bravicaffe.com\/wp-content\/plugins\/revslider\/public\/assets\/js\/\",\n\t\t\t\t\t\t\t\tsliderLayout:\"fullwidth\",\n\t\t\t\t\t\t\t\tvisibilityLevels:\"1240,1024,778,480\",\n\t\t\t\t\t\t\t\tgridwidth:1240,\n\t\t\t\t\t\t\t\tgridheight:400,\n\t\t\t\t\t\t\t\tspinner:\"spinner0\",\n\t\t\t\t\t\t\t\teditorheight:\"400,768,960,720\",\n\t\t\t\t\t\t\t\tresponsiveLevels:\"1240,1024,778,480\",\n\t\t\t\t\t\t\t\tdisableProgressBar:\"on\",\n\t\t\t\t\t\t\t\tnavigation: {\n\t\t\t\t\t\t\t\t\tonHoverStop:false\n\t\t\t\t\t\t\t\t},\n\t\t\t\t\t\t\t\tfallbacks: {\n\t\t\t\t\t\t\t\t\tallowHTML5AutoPlayOnAndroid:true\n\t\t\t\t\t\t\t\t},\n\t\t\t\t\t\t\t});\n\t\t\t\t\t\t}\n\t\t\t\t\t\t\n\t\t\t\t\t});\n\t\t\t\t<\/script>\n\t\t\t<\/rs-module-wrap>\n\t\t\t<!-- END REVOLUTION SLIDER -->\n[\/vc_column][\/vc_row][vc_row][vc_column][vc_empty_space height=&#8221;100px&#8221;][\/vc_column][\/vc_row][vc_row][vc_column][vc_custom_heading text=&#8221;SVILUPPO SOSTENIBILE \u2013 VANTAGGI AMBIENTALI&#8221; use_theme_fonts=&#8221;yes&#8221;][vc_empty_space height=&#8221;20px&#8221;][vc_column_text]Una delle pi\u00f9 importanti sfide di questo secolo \u00e8 il rispetto dell\u2019ambiente,al fine di preservare la terra per le generazioni future.<br \/>\n<strong>La Bravi Caff\u00e8 \u00e8 da sempre attenta all\u2019impatto ambientale delle sue attivit\u00e0 produttive.<\/strong><\/p>\n<p>Le emissioni derivanti dal processo di tostatura vengono abbattute drasticamente dal bruciatore di fumi e l\u2019intero fabbisogno di energia dell\u2019azienda \u00e8 fornito da un impianto fotovoltaico da KW 20, installato sul tetto dell\u2019edificio industriale. I sistemi fotovoltaici non producono emissioni di nessun tipo, e durante la fase di esercizio non emettono gas aventi effetto serra.<\/p>\n<p>La produzione di 1 kWh di energia elettrica da fonte solare, se confrontata con pari produzione energetica da fonti fossili,consente di evitare l\u2019emissione in atmosfera di 0,53 kg di anidride carbonica, che \u00e8 uno tra i principali gas responsabili dell\u2019effetto serra.<br \/>\nUltimo ma non meno importante \u00e8 il programma che ha previsto la sostituzione di tutti i mezzi utilizzati per le consegne da gasolio a metano, il processo \u00e8 iniziato a Luglio 2012 con il primo Fiat Dobl\u00f2 Natural Power ed \u00e8 terminato a Marzo 2015.[\/vc_column_text][\/vc_column][\/vc_row][vc_row][vc_column][vc_empty_space height=&#8221;40px&#8221;][\/vc_column][\/vc_row][vc_row][vc_column width=&#8221;1\/2&#8243;][vc_single_image image=&#8221;1044&#8243; img_size=&#8221;full&#8221; alignment=&#8221;center&#8221;][\/vc_column][vc_column width=&#8221;1\/2&#8243;][vc_single_image image=&#8221;1052&#8243; img_size=&#8221;full&#8221; alignment=&#8221;center&#8221;][\/vc_column][\/vc_row][vc_row][vc_column][vc_empty_space height=&#8221;100px&#8221;][\/vc_column][\/vc_row]<\/p>\n","protected":false},"excerpt":{"rendered":"<p>[vc_row][vc_column][\/vc_column][\/vc_row][vc_row][vc_column][vc_empty_space height=&#8221;100px&#8221;][\/vc_column][\/vc_row][vc_row][vc_column][vc_custom_heading text=&#8221;SVILUPPO SOSTENIBILE \u2013 VANTAGGI AMBIENTALI&#8221; use_theme_fonts=&#8221;yes&#8221;][vc_empty_space height=&#8221;20px&#8221;][vc_column_text]Una delle pi\u00f9 importanti sfide di questo secolo \u00e8 il rispetto dell\u2019ambiente,al fine di preservare la terra per le generazioni future. La Bravi Caff\u00e8 \u00e8 da sempre attenta all\u2019impatto ambientale delle sue attivit\u00e0 produttive. Le emissioni derivanti dal processo di tostatura vengono abbattute drasticamente dal bruciatore di &hellip;<\/p>\n","protected":false},"author":1,"featured_media":0,"parent":0,"menu_order":0,"comment_status":"closed","ping_status":"closed","template":"","meta":[],"_links":{"self":[{"href":"https:\/\/bravicaffe.com\/es\/wp-json\/wp\/v2\/pages\/1257"}],"collection":[{"href":"https:\/\/bravicaffe.com\/es\/wp-json\/wp\/v2\/pages"}],"about":[{"href":"https:\/\/bravicaffe.com\/es\/wp-json\/wp\/v2\/types\/page"}],"author":[{"embeddable":true,"href":"https:\/\/bravicaffe.com\/es\/wp-json\/wp\/v2\/users\/1"}],"replies":[{"embeddable":true,"href":"https:\/\/bravicaffe.com\/es\/wp-json\/wp\/v2\/comments?post=1257"}],"version-history":[{"count":2,"href":"https:\/\/bravicaffe.com\/es\/wp-json\/wp\/v2\/pages\/1257\/revisions"}],"predecessor-version":[{"id":1259,"href":"https:\/\/bravicaffe.com\/es\/wp-json\/wp\/v2\/pages\/1257\/revisions\/1259"}],"wp:attachment":[{"href":"https:\/\/bravicaffe.com\/es\/wp-json\/wp\/v2\/media?parent=1257"}],"curies":[{"name":"wp","href":"https:\/\/api.w.org\/{rel}","templated":true}]}}