{"id":1066,"date":"2020-02-05T10:41:20","date_gmt":"2020-02-05T09:41:20","guid":{"rendered":"http:\/\/dev.bravicaffe.com\/home\/"},"modified":"2020-03-26T21:21:51","modified_gmt":"2020-03-26T20:21:51","slug":"home","status":"publish","type":"page","link":"https:\/\/bravicaffe.com\/fr\/","title":{"rendered":"Home"},"content":{"rendered":"<p>[vc_row][vc_column]\n\t\t\t<!-- START Home REVOLUTION SLIDER 6.1.6 --><p class=\"rs-p-wp-fix\"><\/p>\n\t\t\t<rs-module-wrap id=\"rev_slider_1_1_wrapper\" data-source=\"gallery\" style=\"background:transparent;padding:0;margin:0px auto;margin-top:0;margin-bottom:0;\">\n\t\t\t\t<rs-module id=\"rev_slider_1_1\" style=\"display:none;\" data-version=\"6.1.6\">\n\t\t\t\t\t<rs-slides>\n\t\t\t\t\t\t<rs-slide data-key=\"rs-1\" data-title=\"Slide\" data-anim=\"ei:d;eo:d;s:1000;r:0;t:fade;sl:0;\">\n\t\t\t\t\t\t\t<img src=\"\/\/bravicaffe.com\/wp-content\/uploads\/2020\/02\/Slide-1.jpg\" title=\"Slide-1\" width=\"2400\" height=\"1600\" class=\"rev-slidebg\" data-no-retina>\n<!---->\t\t\t\t\t\t<\/rs-slide>\n\t\t\t\t\t\t<rs-slide data-key=\"rs-2\" data-title=\"Slide\" data-anim=\"ei:d;eo:d;s:1000;r:0;t:fade;sl:0;\">\n\t\t\t\t\t\t\t<img src=\"\/\/bravicaffe.com\/wp-content\/uploads\/2020\/02\/Slide-2.jpg\" title=\"Slide-2\" width=\"2400\" height=\"1397\" class=\"rev-slidebg\" data-no-retina>\n<!---->\t\t\t\t\t\t<\/rs-slide>\n\t\t\t\t\t<\/rs-slides>\n\t\t\t\t\t<rs-progress class=\"rs-bottom\" style=\"visibility: hidden !important;\"><\/rs-progress>\n\t\t\t\t<\/rs-module>\n\t\t\t\t<script type=\"text\/javascript\">\n\t\t\t\t\tsetREVStartSize({c: 'rev_slider_1_1',rl:[1240,1024,778,480],el:[600],gw:[1240],gh:[600],type:'standard',justify:'',layout:'fullwidth',mh:\"0\"});\n\t\t\t\t\tvar\trevapi1,\n\t\t\t\t\t\ttpj;\n\t\t\t\t\tjQuery(function() {\n\t\t\t\t\t\ttpj = jQuery;\n\t\t\t\t\t\tif(tpj(\"#rev_slider_1_1\").revolution == undefined){\n\t\t\t\t\t\t\trevslider_showDoubleJqueryError(\"#rev_slider_1_1\");\n\t\t\t\t\t\t}else{\n\t\t\t\t\t\t\trevapi1 = tpj(\"#rev_slider_1_1\").show().revolution({\n\t\t\t\t\t\t\t\tjsFileLocation:\"\/\/bravicaffe.com\/wp-content\/plugins\/revslider\/public\/assets\/js\/\",\n\t\t\t\t\t\t\t\tsliderLayout:\"fullwidth\",\n\t\t\t\t\t\t\t\tvisibilityLevels:\"1240,1024,778,480\",\n\t\t\t\t\t\t\t\tgridwidth:1240,\n\t\t\t\t\t\t\t\tgridheight:600,\n\t\t\t\t\t\t\t\tspinner:\"spinner0\",\n\t\t\t\t\t\t\t\teditorheight:\"600,768,960,720\",\n\t\t\t\t\t\t\t\tresponsiveLevels:\"1240,1024,778,480\",\n\t\t\t\t\t\t\t\tdisableProgressBar:\"on\",\n\t\t\t\t\t\t\t\tnavigation: {\n\t\t\t\t\t\t\t\t\tonHoverStop:false\n\t\t\t\t\t\t\t\t},\n\t\t\t\t\t\t\t\tfallbacks: {\n\t\t\t\t\t\t\t\t\tallowHTML5AutoPlayOnAndroid:true\n\t\t\t\t\t\t\t\t},\n\t\t\t\t\t\t\t});\n\t\t\t\t\t\t}\n\t\t\t\t\t\t\n\t\t\t\t\t});\n\t\t\t\t<\/script>\n\t\t\t<\/rs-module-wrap>\n\t\t\t<!-- END REVOLUTION SLIDER -->\n[\/vc_column][\/vc_row][vc_row][vc_column][vc_empty_space height=&#8221;40px&#8221;][\/vc_column][\/vc_row][vc_row][vc_column width=&#8221;1\/3&#8243;][interective_banner effects=&#8221;effect-bubba&#8221; url=&#8221;url:https%3A%2F%2Fbravicaffe.com%2Fhistoire%2F%3Flang%3Dfr|title:Histoire||&#8221; titlesize=&#8221;26&#8243; clr=&#8221;#ffffff&#8221; image_id=&#8221;235&#8243; title=&#8221;NOTRE HISTOIRE&#8221; desc=&#8221;La soci\u00e8t\u00e9 Bravi Caff\u00e8 SRL a \u00e9t\u00e9 fond\u00e9 en 1952 par Emilio et Faustino Bravi avec l\u2019ouverture d\u2019un point de vente et d\u00e9gustation dans le quartier \u00abCasilino\u00bb de Rome. D\u2019une petite boutique \u00e0 quatre, puis \u00e0 la vente en gros, la croissance fut imm\u00e9diate.&#8221; caption_url=&#8221;&#8221;][\/vc_column][vc_column width=&#8221;1\/3&#8243;][interective_banner effects=&#8221;effect-bubba&#8221; url=&#8221;url:https%3A%2F%2Fbravicaffe.com%2Fproduzione%2F%3Flang%3Dfr|title:Production||&#8221; titlesize=&#8221;26&#8243; clr=&#8221;#ffffff&#8221; image_id=&#8221;237&#8243; title=&#8221;PRODUCTION&#8221; desc=&#8221;Le coeur de la production reste la torr\u00e9faction. Celle-ci repr\u00e9sente la cuisson entre 200\u00b0 et 240\u00b0 de la graine de caf\u00e9. Le grain de caf\u00e9 avec la torr\u00e9faction renait, il obtient une nouvelle apparence physique,&#8221; caption_url=&#8221;&#8221;][\/vc_column][vc_column width=&#8221;1\/3&#8243;][interective_banner effects=&#8221;effect-bubba&#8221; url=&#8221;url:https%3A%2F%2Fbravicaffe.com%2Fdistribution%2F%3Flang%3Dfr|title:Home||&#8221; titlesize=&#8221;26&#8243; clr=&#8221;#ffffff&#8221; image_id=&#8221;238&#8243; title=&#8221;DISTRIBUTION&#8221; desc=&#8221;A Rome et dans la r\u00e9gion du Latium, la soci\u00e9t\u00e9 Bravi Caff\u00e8 SRL distribue ses produits directement, tandis que dans les r\u00e9gions italiennes plus \u00e9loign\u00e9es et dans le reste du monde, la soci\u00e9t\u00e9 passe par l\u2019interm\u00e9diaire de distributeurs exclusifs de la marque.&#8221; caption_url=&#8221;&#8221;][\/vc_column][\/vc_row][vc_row][vc_column][vc_empty_space height=&#8221;80px&#8221;][\/vc_column][\/vc_row][vc_row][vc_column width=&#8221;1\/2&#8243;][vc_single_image image=&#8221;545&#8243; img_size=&#8221;full&#8221;][vc_empty_space height=&#8221;20px&#8221;][\/vc_column][vc_column width=&#8221;1\/2&#8243;][vc_custom_heading text=&#8221;NOTRE CAF\u00c8&#8221; font_container=&#8221;tag:h1|text_align:left&#8221; use_theme_fonts=&#8221;yes&#8221;][vc_separator][vc_empty_space height=&#8221;20px&#8221;][vc_column_text]<\/p>\n<div class=\"wpb_text_column wpb_content_element \">\n<div class=\"wpb_wrapper\">\n<p><strong>CAF\u00c8<\/strong>\u00a0de la famille des rubicacee<br \/>\n<strong>GENRE<\/strong>\u00a0Coffeea<\/p>\n<p>Les deux vari\u00e0ctions les plus connues sont\u00a0<strong>robusta<\/strong>\u00a0et\u00a0<strong>arabica<\/strong>.<\/p>\n<p>Ces plantes sont cultiv\u00e9es dans les zones tropicales \u00e9quatoriales. Le robusta est cultiv\u00e9 entre 200 et 600 m\u00e8tres d\u2019altitude tandis que l\u2019arabica est lui cultiv\u00e9 entre 900 et 2000 m\u00e8tres d\u2019altitude. Il s\u2019agit de deux plantes diff\u00e9rentes, qui au-del\u00e0\u00a0 de l\u2019altitude de culture, varient au niveau de la forme des feuilles et des fruits, \u00e0\u00a0 l\u2019int\u00e9rieur desquels se trouvent la graine de caf\u00e9.<\/p>\n<\/div>\n<\/div>\n<div class=\"wpb_text_column wpb_content_element \">\n<div class=\"wpb_wrapper\">\n<p>La r\u00e9colte : La diff\u00e9rence dans le degr\u00e9 de maturit\u00e9 des cerises a une grande influence sur le choix de r\u00e9colte des cultivateurs: <strong>picking<\/strong>\u00a0ou\u00a0<strong>stripping<\/strong> ? Le picking consiste \u00e0\u00a0 s\u00e9lectionner et cueillir \u00e0\u00a0 la main les fruits les plus m\u00e0tures tandis que que le stripping, moins pr\u00e9cis, consiste \u00e0\u00a0 faire passer la branche entre ses doigts et de cueillir ce qui se d\u00e9tache de l\u2019arbre. Une fois cueillie, il est n\u00e9cessaire de proc\u00e9der \u00e0\u00a0 l\u2019extraction de la graine. Deux m\u00e9thodes sont envisageables, le traitement \u00e0\u00a0 sec qui donne le caf\u00e9 naturel ou le traitement humide qui donne le caf\u00e9 \u00ab nettoy\u00e9 \u00bb. A ce moment la, finalement, nous obtenons le caf\u00e9 vert.<\/p>\n<p>Souvent dans les d\u00e9p\u00e0\u00b4ts de stockage, le caf\u00e9 connait une nouvelle s\u00e9lection : provenance, r\u00e9gion, d\u00e9fauts, couleur, grosseur du grain, m\u00e9thode de r\u00e9colte ou encore ann\u00e9e de r\u00e9colte. Avant d\u2019\u00e8tre embarqu\u00e9 pour les pays acheteurs, le caf\u00e9 est transf\u00e9r\u00e9 dans des nouveaux sacs contenants en toile de jute de 60kg. Le produit voyage par voie maritime dans des containers ventil\u00e9s. <a href=\"https:\/\/bravicaffe.com\/cafe\/?lang=fr\">Continue \u00e0 lire<\/a><\/p>\n<\/div>\n<\/div>\n<p>[\/vc_column_text][\/vc_column][\/vc_row][vc_row][vc_column][vc_empty_space height=&#8221;80px&#8221;][\/vc_column][\/vc_row][vc_row type=&#8221;full-nopad&#8221; parallax=&#8221;static&#8221; parallax_image=&#8221;157&#8243;][vc_column][vc_empty_space height=&#8221;80px&#8221;][vc_custom_heading text=&#8221;LES PRODUITS&#8221; font_container=&#8221;tag:h1|font_size:40px|text_align:center|color:%23ffffff&#8221; google_fonts=&#8221;font_family:Source%20Sans%20Pro%3A200%2C200italic%2C300%2C300italic%2Cregular%2Citalic%2C600%2C600italic%2C700%2C700italic%2C900%2C900italic|font_style:600%20bold%20regular%3A600%3Anormal&#8221;][vc_row_inner type=&#8221;boxed&#8221; css=&#8221;.vc_custom_1581762516628{padding-right: 5% !important;padding-left: 5% !important;}&#8221;][vc_column_inner width=&#8221;1\/4&#8243;][vc_empty_space height=&#8221;80px&#8221;][vc_single_image image=&#8221;601&#8243; img_size=&#8221;120&#215;95&#8243; alignment=&#8221;center&#8221; onclick=&#8221;custom_link&#8221; link=&#8221;\/cafe-moulu\/?lang=fr&#8221;][vc_empty_space height=&#8221;20px&#8221;][vc_custom_heading text=&#8221;CAF\u00c8 MOULU&#8221; font_container=&#8221;tag:h2|text_align:center|color:%23ffffff&#8221; use_theme_fonts=&#8221;yes&#8221;][vc_empty_space height=&#8221;150px&#8221;][\/vc_column_inner][vc_column_inner width=&#8221;1\/4&#8243;][vc_empty_space height=&#8221;80px&#8221;][vc_single_image image=&#8221;609&#8243; img_size=&#8221;136&#215;95&#8243; alignment=&#8221;center&#8221; onclick=&#8221;custom_link&#8221; link=&#8221;\/cafe-en-grain\/?lang=fr&#8221;][vc_empty_space height=&#8221;20px&#8221;][vc_custom_heading text=&#8221;CAF\u00c8 EN GRAIN&#8221; font_container=&#8221;tag:h2|text_align:center|color:%23ffffff&#8221; use_theme_fonts=&#8221;yes&#8221;][vc_empty_space height=&#8221;150px&#8221;][\/vc_column_inner][vc_column_inner width=&#8221;1\/4&#8243;][vc_empty_space height=&#8221;80px&#8221;][vc_single_image image=&#8221;617&#8243; img_size=&#8221;115&#215;95&#8243; alignment=&#8221;center&#8221; onclick=&#8221;custom_link&#8221; link=&#8221;\/machines\/?lang=fr&#8221;][vc_empty_space height=&#8221;20px&#8221;][vc_custom_heading text=&#8221;MACHINES&#8221; font_container=&#8221;tag:h2|text_align:center|color:%23ffffff&#8221; use_theme_fonts=&#8221;yes&#8221;][vc_empty_space height=&#8221;150px&#8221;][\/vc_column_inner][vc_column_inner width=&#8221;1\/4&#8243;][vc_empty_space height=&#8221;80px&#8221;][vc_single_image image=&#8221;641&#8243; img_size=&#8221;118&#215;95&#8243; alignment=&#8221;center&#8221; onclick=&#8221;custom_link&#8221; link=&#8221;\/articles-publicitaires\/?lang=fr&#8221;][vc_empty_space height=&#8221;20px&#8221;][vc_custom_heading text=&#8221;ARTICLES PUBLICITAIRES&#8221; font_container=&#8221;tag:h2|text_align:center|color:%23ffffff&#8221; use_theme_fonts=&#8221;yes&#8221;][vc_empty_space height=&#8221;150px&#8221;][\/vc_column_inner][\/vc_row_inner][\/vc_column][\/vc_row][vc_row][vc_column][vc_empty_space height=&#8221;60px&#8221;][\/vc_column][\/vc_row][vc_row type=&#8221;boxed&#8221;][vc_column width=&#8221;1\/4&#8243;][\/vc_column][vc_column width=&#8221;1\/4&#8243;][vc_single_image image=&#8221;505&#8243; alignment=&#8221;center&#8221;][\/vc_column][vc_column width=&#8221;1\/4&#8243;][vc_column_text]<\/p>\n<p style=\"text-align: center;\"><em>&#8220;La nostra mission \u00e8 mettere a disposizione del cliente: bar, hotel, ristorante, grossista, ufficio e famiglia, qualit\u00e0, passione, tecnologia e servizio al fine di ottenere ovunque, da Roma fino al resto del mondo, l&#8217;espresso perfetto.&#8221;<\/em><\/p>\n<p style=\"text-align: right;\">Fam. Ciravegna<\/p>\n<p>[\/vc_column_text][\/vc_column][vc_column width=&#8221;1\/4&#8243;][\/vc_column][\/vc_row][vc_row type=&#8221;boxed&#8221; css=&#8221;.vc_custom_1581761475666{padding-right: 5% !important;padding-left: 5% !important;}&#8221;][vc_column width=&#8221;1\/4&#8243;][\/vc_column][vc_column width=&#8221;1\/2&#8243;][vc_empty_space height=&#8221;30px&#8221;]<div role=\"form\" class=\"wpcf7\" id=\"wpcf7-f8-o1\" lang=\"it-IT\" dir=\"ltr\">\n<div class=\"screen-reader-response\"><p role=\"status\" aria-live=\"polite\" aria-atomic=\"true\"><\/p> <ul><\/ul><\/div>\n<form action=\"\/fr\/wp-json\/wp\/v2\/pages\/1066#wpcf7-f8-o1\" method=\"post\" class=\"wpcf7-form init\" novalidate=\"novalidate\" data-status=\"init\">\n<div style=\"display: none;\">\n<input type=\"hidden\" name=\"_wpcf7\" value=\"8\" \/>\n<input type=\"hidden\" name=\"_wpcf7_version\" value=\"5.3.2\" \/>\n<input type=\"hidden\" name=\"_wpcf7_locale\" value=\"it_IT\" \/>\n<input type=\"hidden\" name=\"_wpcf7_unit_tag\" value=\"wpcf7-f8-o1\" \/>\n<input type=\"hidden\" name=\"_wpcf7_container_post\" value=\"0\" \/>\n<input type=\"hidden\" name=\"_wpcf7_posted_data_hash\" value=\"\" \/>\n<\/div>\n<p><label> NOME*<br \/>\n    <span class=\"wpcf7-form-control-wrap your-name\"><input type=\"text\" name=\"your-name\" value=\"\" size=\"40\" class=\"wpcf7-form-control wpcf7-text wpcf7-validates-as-required\" aria-required=\"true\" aria-invalid=\"false\" \/><\/span> <\/label><\/p>\n<p><label> EMAIL*<br \/>\n    <span class=\"wpcf7-form-control-wrap your-email\"><input type=\"email\" name=\"your-email\" value=\"\" size=\"40\" class=\"wpcf7-form-control wpcf7-text wpcf7-email wpcf7-validates-as-required wpcf7-validates-as-email\" aria-required=\"true\" aria-invalid=\"false\" \/><\/span> <\/label><\/p>\n<p><label> OGGETTO<br \/>\n    <span class=\"wpcf7-form-control-wrap your-subject\"><input type=\"text\" name=\"your-subject\" value=\"\" size=\"40\" class=\"wpcf7-form-control wpcf7-text\" aria-invalid=\"false\" \/><\/span> <\/label><\/p>\n<p><label> MESSAGGIO<br \/>\n    <span class=\"wpcf7-form-control-wrap your-message\"><textarea name=\"your-message\" cols=\"40\" rows=\"10\" class=\"wpcf7-form-control wpcf7-textarea\" aria-invalid=\"false\"><\/textarea><\/span> <\/label><\/p>\n<p><label><br \/>\n<span class=\"wpcf7-form-control-wrap AcconsentoaltrattamentodatisecondoilregolamentoUE2016679GDPR\"><span class=\"wpcf7-form-control wpcf7-acceptance\"><span class=\"wpcf7-list-item\"><label><input type=\"checkbox\" name=\"AcconsentoaltrattamentodatisecondoilregolamentoUE2016679GDPR\" value=\"1\" aria-invalid=\"false\" \/><span class=\"wpcf7-list-item-label\">Acconsento al trattamento dati secondo il regolamento UE 2016\/679 (GDPR)*<\/span><\/label><\/span><\/span><\/span><\/label><\/p>\n<p><input type=\"submit\" value=\"INVIA\" class=\"wpcf7-form-control wpcf7-submit\" \/><\/p>\n<div class=\"wpcf7-response-output\" aria-hidden=\"true\"><\/div><\/form><\/div>[vc_empty_space height=&#8221;30px&#8221;][\/vc_column][vc_column width=&#8221;1\/4&#8243;][\/vc_column][\/vc_row][vc_row][vc_column][vc_empty_space height=&#8221;60px&#8221;][\/vc_column][\/vc_row]<\/p>\n","protected":false},"excerpt":{"rendered":"<p>[vc_row][vc_column][\/vc_column][\/vc_row][vc_row][vc_column][vc_empty_space height=&#8221;40px&#8221;][\/vc_column][\/vc_row][vc_row][vc_column width=&#8221;1\/3&#8243;][interective_banner effects=&#8221;effect-bubba&#8221; url=&#8221;url:https%3A%2F%2Fbravicaffe.com%2Fhistoire%2F%3Flang%3Dfr|title:Histoire||&#8221; titlesize=&#8221;26&#8243; clr=&#8221;#ffffff&#8221; image_id=&#8221;235&#8243; title=&#8221;NOTRE HISTOIRE&#8221; desc=&#8221;La soci\u00e8t\u00e9 Bravi Caff\u00e8 SRL a \u00e9t\u00e9 fond\u00e9 en 1952 par Emilio et Faustino Bravi avec l\u2019ouverture d\u2019un point de vente et d\u00e9gustation dans le quartier \u00abCasilino\u00bb de Rome. D\u2019une petite boutique \u00e0 quatre, puis \u00e0 la vente en gros, la croissance fut imm\u00e9diate.&#8221; caption_url=&#8221;&#8221;][\/vc_column][vc_column &hellip;<\/p>\n","protected":false},"author":1,"featured_media":0,"parent":0,"menu_order":0,"comment_status":"closed","ping_status":"closed","template":"templates\/page-full.php","meta":[],"_links":{"self":[{"href":"https:\/\/bravicaffe.com\/fr\/wp-json\/wp\/v2\/pages\/1066"}],"collection":[{"href":"https:\/\/bravicaffe.com\/fr\/wp-json\/wp\/v2\/pages"}],"about":[{"href":"https:\/\/bravicaffe.com\/fr\/wp-json\/wp\/v2\/types\/page"}],"author":[{"embeddable":true,"href":"https:\/\/bravicaffe.com\/fr\/wp-json\/wp\/v2\/users\/1"}],"replies":[{"embeddable":true,"href":"https:\/\/bravicaffe.com\/fr\/wp-json\/wp\/v2\/comments?post=1066"}],"version-history":[{"count":5,"href":"https:\/\/bravicaffe.com\/fr\/wp-json\/wp\/v2\/pages\/1066\/revisions"}],"predecessor-version":[{"id":1277,"href":"https:\/\/bravicaffe.com\/fr\/wp-json\/wp\/v2\/pages\/1066\/revisions\/1277"}],"wp:attachment":[{"href":"https:\/\/bravicaffe.com\/fr\/wp-json\/wp\/v2\/media?parent=1066"}],"curies":[{"name":"wp","href":"https:\/\/api.w.org\/{rel}","templated":true}]}}