{"id":1221,"date":"2020-03-26T19:36:23","date_gmt":"2020-03-26T18:36:23","guid":{"rendered":"https:\/\/bravicaffe.com\/?page_id=1221"},"modified":"2020-03-26T19:36:23","modified_gmt":"2020-03-26T18:36:23","slug":"produits-complementaires","status":"publish","type":"page","link":"https:\/\/bravicaffe.com\/fr\/produits-complementaires\/","title":{"rendered":"Produits compl\u00e9mentaires"},"content":{"rendered":"<p>[vc_row][vc_column]\n\t\t\t<!-- START Prodotti 3 REVOLUTION SLIDER 6.1.6 --><p class=\"rs-p-wp-fix\"><\/p>\n\t\t\t<rs-module-wrap id=\"rev_slider_12_1_wrapper\" data-source=\"gallery\" style=\"background:transparent;padding:0;margin:0px auto;margin-top:0;margin-bottom:0;\">\n\t\t\t\t<rs-module id=\"rev_slider_12_1\" style=\"display:none;\" data-version=\"6.1.6\">\n\t\t\t\t\t<rs-slides>\n\t\t\t\t\t\t<rs-slide data-key=\"rs-18\" data-title=\"Slide\" data-anim=\"ei:d;eo:d;s:1000;r:0;t:fade;sl:0;\">\n\t\t\t\t\t\t\t<img src=\"\/\/bravicaffe.com\/wp-content\/uploads\/2020\/02\/prodotti.jpg\" title=\"prodotti\" width=\"2400\" height=\"1110\" class=\"rev-slidebg\" data-no-retina>\n<!--\n\t\t\t\t\t\t\t--><rs-layer\n\t\t\t\t\t\t\t\tid=\"slider-12-slide-18-layer-1\" \n\t\t\t\t\t\t\t\tdata-type=\"text\"\n\t\t\t\t\t\t\t\tdata-color=\"#fff\"\n\t\t\t\t\t\t\t\tdata-rsp_ch=\"on\"\n\t\t\t\t\t\t\t\tdata-xy=\"x:c;y:c;\"\n\t\t\t\t\t\t\t\tdata-text=\"w:normal;s:70;l:40;ls:1;\"\n\t\t\t\t\t\t\t\tdata-dim=\"minh:0px;\"\n\t\t\t\t\t\t\t\tdata-frame_999=\"o:0;st:w;\"\n\t\t\t\t\t\t\t\tstyle=\"z-index:6;font-family:Ropa Sans;\"\n\t\t\t\t\t\t\t>PRODOTTI COMPLEMENTARI \n\t\t\t\t\t\t\t<\/rs-layer><!--\n\n\t\t\t\t\t\t\t--><rs-layer\n\t\t\t\t\t\t\t\tid=\"slider-12-slide-18-layer-2\" \n\t\t\t\t\t\t\t\tdata-type=\"text\"\n\t\t\t\t\t\t\t\tdata-color=\"#fff\"\n\t\t\t\t\t\t\t\tdata-rsp_ch=\"on\"\n\t\t\t\t\t\t\t\tdata-xy=\"x:c;y:c;yo:74px;\"\n\t\t\t\t\t\t\t\tdata-text=\"w:normal;s:40;l:40;ls:1;\"\n\t\t\t\t\t\t\t\tdata-dim=\"minh:0px;\"\n\t\t\t\t\t\t\t\tdata-frame_999=\"o:0;st:w;\"\n\t\t\t\t\t\t\t\tstyle=\"z-index:6;font-family:Ropa Sans;font-style:italic;\"\n\t\t\t\t\t\t\t>Prodotti \n\t\t\t\t\t\t\t<\/rs-layer><!--\n-->\t\t\t\t\t\t<\/rs-slide>\n\t\t\t\t\t<\/rs-slides>\n\t\t\t\t\t<rs-progress class=\"rs-bottom\" style=\"visibility: hidden !important;\"><\/rs-progress>\n\t\t\t\t<\/rs-module>\n\t\t\t\t<script type=\"text\/javascript\">\n\t\t\t\t\tsetREVStartSize({c: 'rev_slider_12_1',rl:[1240,1024,778,480],el:[400],gw:[1240],gh:[400],type:'standard',justify:'',layout:'fullwidth',mh:\"0\"});\n\t\t\t\t\tvar\trevapi12,\n\t\t\t\t\t\ttpj;\n\t\t\t\t\tjQuery(function() {\n\t\t\t\t\t\ttpj = jQuery;\n\t\t\t\t\t\tif(tpj(\"#rev_slider_12_1\").revolution == undefined){\n\t\t\t\t\t\t\trevslider_showDoubleJqueryError(\"#rev_slider_12_1\");\n\t\t\t\t\t\t}else{\n\t\t\t\t\t\t\trevapi12 = tpj(\"#rev_slider_12_1\").show().revolution({\n\t\t\t\t\t\t\t\tjsFileLocation:\"\/\/bravicaffe.com\/wp-content\/plugins\/revslider\/public\/assets\/js\/\",\n\t\t\t\t\t\t\t\tsliderLayout:\"fullwidth\",\n\t\t\t\t\t\t\t\tvisibilityLevels:\"1240,1024,778,480\",\n\t\t\t\t\t\t\t\tgridwidth:1240,\n\t\t\t\t\t\t\t\tgridheight:400,\n\t\t\t\t\t\t\t\tspinner:\"spinner0\",\n\t\t\t\t\t\t\t\teditorheight:\"400,768,960,720\",\n\t\t\t\t\t\t\t\tresponsiveLevels:\"1240,1024,778,480\",\n\t\t\t\t\t\t\t\tdisableProgressBar:\"on\",\n\t\t\t\t\t\t\t\tnavigation: {\n\t\t\t\t\t\t\t\t\tonHoverStop:false\n\t\t\t\t\t\t\t\t},\n\t\t\t\t\t\t\t\tfallbacks: {\n\t\t\t\t\t\t\t\t\tallowHTML5AutoPlayOnAndroid:true\n\t\t\t\t\t\t\t\t},\n\t\t\t\t\t\t\t});\n\t\t\t\t\t\t}\n\t\t\t\t\t\t\n\t\t\t\t\t});\n\t\t\t\t<\/script>\n\t\t\t<\/rs-module-wrap>\n\t\t\t<!-- END REVOLUTION SLIDER -->\n[\/vc_column][\/vc_row][vc_row][vc_column][vc_empty_space height=&#8221;100px&#8221;][\/vc_column][\/vc_row][vc_row][vc_column width=&#8221;1\/3&#8243;][vc_single_image image=&#8221;521&#8243; img_size=&#8221;full&#8221;][vc_empty_space height=&#8221;40px&#8221;][\/vc_column][vc_column width=&#8221;1\/3&#8243;][vc_column_text]<strong>Biscuits Cordialit\u00e0<\/strong> &#8211; bo\u00e9te de 300 pi\u00e8ces<br \/>\n<strong>Caf\u00e8 Dek HAG<\/strong> &#8211; Confection de 160 sachets<br \/>\n<strong>Bonbon au caf\u00e8 kopiko<\/strong> &#8211; Sachet de 800gr.<br \/>\n<strong>Chocolat Blanc<\/strong> &#8211; Confection de 60 sachet monodose<br \/>\n<strong>Chocolat Noir<\/strong> &#8211; Confection de 60 sachet monodose<br \/>\n<strong>Chocolat fondant<\/strong> &#8211; Serviette 285 sachets \u2013 1 Kg<br \/>\n<strong>Edulcorant Dietor<\/strong> &#8211; Distributeur de 210 sachets<br \/>\n<strong>Edulcorant sweet diet<\/strong> &#8211; Distributeur de 150 sachets<br \/>\n<strong>Sucre aromatique Novaroma<\/strong> &#8211; Sucre aromatis\u00e9<br \/>\n<strong>Orge Bravi Caff\u00e8<\/strong> &#8211; Confection 25 dosettes<br \/>\n<strong>Th\u00e8 hornimans<\/strong> &#8211; Confection de 100 filtres<br \/>\n<strong>Th\u00e8 citron\/peche lyophilisation<\/strong> &#8211; Confection de 60 sachets de 190 gr (2 litres)<br \/>\n<strong>Chocolat Ciokotime aromatiques<\/strong> &#8211; Boite avec 90 sachets<br \/>\n<strong>Caf\u00e8 Gincup<\/strong> &#8211; Boite 10 sachets[\/vc_column_text][\/vc_column][vc_column width=&#8221;1\/3&#8243;][vc_column_text]<strong>Caf\u00e8 ginseng<\/strong> &#8211; 1Kg<br \/>\n<strong>Orge soluble<\/strong> &#8211; sachets 250 gr<br \/>\n<strong>Cr\u00e8me froid au caf\u00e8<\/strong> &#8211; Sachets 1 kg<br \/>\n<strong>Camomille House of Tea<\/strong> &#8211; 50 filtres<br \/>\n<strong>Th\u00e8 House of Tea<\/strong> &#8211; Boite avec 50 filtre<br \/>\n<strong>Coffret de th\u00e8<\/strong> &#8211; 120 sachets aromatique<br \/>\n<strong>Th\u00e8 aromatique (recharges)<\/strong> &#8211; Box 20 sachets<br \/>\n<strong>Distributeur de sachet de miel Imperatore Claudio<\/strong> &#8211; Confezione da 100 bs<br \/>\n<strong>Distributeur de sucre naturel de fruit<\/strong> &#8211; 150 sachets<br \/>\n<strong>Sucre Bravi<\/strong> &#8211; Sachets 5g<br \/>\n<strong>Sucre de canne<\/strong> &#8211; Distributeur 150 sachets<br \/>\n<strong>Sucre Novaroma<\/strong> &#8211; 80 bs<br \/>\n<strong>Cr\u00e8me de noisette pour caf\u00e8<\/strong> &#8211; Topping 200 g (40 caf\u00e8)[\/vc_column_text][\/vc_column][\/vc_row][vc_row][vc_column][vc_empty_space height=&#8221;100px&#8221;][\/vc_column][\/vc_row]<\/p>\n","protected":false},"excerpt":{"rendered":"<p>[vc_row][vc_column][\/vc_column][\/vc_row][vc_row][vc_column][vc_empty_space height=&#8221;100px&#8221;][\/vc_column][\/vc_row][vc_row][vc_column width=&#8221;1\/3&#8243;][vc_single_image image=&#8221;521&#8243; img_size=&#8221;full&#8221;][vc_empty_space height=&#8221;40px&#8221;][\/vc_column][vc_column width=&#8221;1\/3&#8243;][vc_column_text]Biscuits Cordialit\u00e0 &#8211; bo\u00e9te de 300 pi\u00e8ces Caf\u00e8 Dek HAG &#8211; Confection de 160 sachets Bonbon au caf\u00e8 kopiko &#8211; Sachet de 800gr. Chocolat Blanc &#8211; Confection de 60 sachet monodose Chocolat Noir &#8211; Confection de 60 sachet monodose Chocolat fondant &#8211; Serviette 285 sachets \u2013 1 Kg Edulcorant &hellip;<\/p>\n","protected":false},"author":1,"featured_media":0,"parent":0,"menu_order":0,"comment_status":"closed","ping_status":"closed","template":"","meta":[],"_links":{"self":[{"href":"https:\/\/bravicaffe.com\/fr\/wp-json\/wp\/v2\/pages\/1221"}],"collection":[{"href":"https:\/\/bravicaffe.com\/fr\/wp-json\/wp\/v2\/pages"}],"about":[{"href":"https:\/\/bravicaffe.com\/fr\/wp-json\/wp\/v2\/types\/page"}],"author":[{"embeddable":true,"href":"https:\/\/bravicaffe.com\/fr\/wp-json\/wp\/v2\/users\/1"}],"replies":[{"embeddable":true,"href":"https:\/\/bravicaffe.com\/fr\/wp-json\/wp\/v2\/comments?post=1221"}],"version-history":[{"count":2,"href":"https:\/\/bravicaffe.com\/fr\/wp-json\/wp\/v2\/pages\/1221\/revisions"}],"predecessor-version":[{"id":1223,"href":"https:\/\/bravicaffe.com\/fr\/wp-json\/wp\/v2\/pages\/1221\/revisions\/1223"}],"wp:attachment":[{"href":"https:\/\/bravicaffe.com\/fr\/wp-json\/wp\/v2\/media?parent=1221"}],"curies":[{"name":"wp","href":"https:\/\/api.w.org\/{rel}","templated":true}]}}