{"id":1254,"date":"2020-03-26T20:41:04","date_gmt":"2020-03-26T19:41:04","guid":{"rendered":"https:\/\/bravicaffe.com\/?page_id=1254"},"modified":"2020-03-26T20:41:05","modified_gmt":"2020-03-26T19:41:05","slug":"inpact-environmental","status":"publish","type":"page","link":"https:\/\/bravicaffe.com\/fr\/inpact-environmental\/","title":{"rendered":"Inpact environmental"},"content":{"rendered":"<p>[vc_row][vc_column]\n\t\t\t<!-- START Causa sociale REVOLUTION SLIDER 6.1.6 --><p class=\"rs-p-wp-fix\"><\/p>\n\t\t\t<rs-module-wrap id=\"rev_slider_16_1_wrapper\" data-source=\"gallery\" style=\"background:transparent;padding:0;margin:0px auto;margin-top:0;margin-bottom:0;\">\n\t\t\t\t<rs-module id=\"rev_slider_16_1\" style=\"display:none;\" data-version=\"6.1.6\">\n\t\t\t\t\t<rs-slides>\n\t\t\t\t\t\t<rs-slide data-key=\"rs-22\" data-title=\"Slide\" data-anim=\"ei:d;eo:d;s:1000;r:0;t:fade;sl:0;\">\n\t\t\t\t\t\t\t<img src=\"\/\/bravicaffe.com\/wp-content\/uploads\/2020\/02\/causa-sociale-1.jpg\" title=\"causa sociale\" width=\"2400\" height=\"1100\" class=\"rev-slidebg\" data-no-retina>\n<!--\n\t\t\t\t\t\t\t--><rs-layer\n\t\t\t\t\t\t\t\tid=\"slider-16-slide-22-layer-1\" \n\t\t\t\t\t\t\t\tdata-type=\"text\"\n\t\t\t\t\t\t\t\tdata-color=\"#fff\"\n\t\t\t\t\t\t\t\tdata-rsp_ch=\"on\"\n\t\t\t\t\t\t\t\tdata-xy=\"x:c;y:c;\"\n\t\t\t\t\t\t\t\tdata-text=\"w:normal;s:70;l:40;ls:1;\"\n\t\t\t\t\t\t\t\tdata-dim=\"minh:0px;\"\n\t\t\t\t\t\t\t\tdata-frame_999=\"o:0;st:w;\"\n\t\t\t\t\t\t\t\tstyle=\"z-index:6;font-family:Ropa Sans;\"\n\t\t\t\t\t\t\t>CAUSA SOCIALE \n\t\t\t\t\t\t\t<\/rs-layer><!--\n-->\t\t\t\t\t\t<\/rs-slide>\n\t\t\t\t\t<\/rs-slides>\n\t\t\t\t\t<rs-progress class=\"rs-bottom\" style=\"visibility: hidden !important;\"><\/rs-progress>\n\t\t\t\t<\/rs-module>\n\t\t\t\t<script type=\"text\/javascript\">\n\t\t\t\t\tsetREVStartSize({c: 'rev_slider_16_1',rl:[1240,1024,778,480],el:[400],gw:[1240],gh:[400],type:'standard',justify:'',layout:'fullwidth',mh:\"0\"});\n\t\t\t\t\tvar\trevapi16,\n\t\t\t\t\t\ttpj;\n\t\t\t\t\tjQuery(function() {\n\t\t\t\t\t\ttpj = jQuery;\n\t\t\t\t\t\tif(tpj(\"#rev_slider_16_1\").revolution == undefined){\n\t\t\t\t\t\t\trevslider_showDoubleJqueryError(\"#rev_slider_16_1\");\n\t\t\t\t\t\t}else{\n\t\t\t\t\t\t\trevapi16 = tpj(\"#rev_slider_16_1\").show().revolution({\n\t\t\t\t\t\t\t\tjsFileLocation:\"\/\/bravicaffe.com\/wp-content\/plugins\/revslider\/public\/assets\/js\/\",\n\t\t\t\t\t\t\t\tsliderLayout:\"fullwidth\",\n\t\t\t\t\t\t\t\tvisibilityLevels:\"1240,1024,778,480\",\n\t\t\t\t\t\t\t\tgridwidth:1240,\n\t\t\t\t\t\t\t\tgridheight:400,\n\t\t\t\t\t\t\t\tspinner:\"spinner0\",\n\t\t\t\t\t\t\t\teditorheight:\"400,768,960,720\",\n\t\t\t\t\t\t\t\tresponsiveLevels:\"1240,1024,778,480\",\n\t\t\t\t\t\t\t\tdisableProgressBar:\"on\",\n\t\t\t\t\t\t\t\tnavigation: {\n\t\t\t\t\t\t\t\t\tonHoverStop:false\n\t\t\t\t\t\t\t\t},\n\t\t\t\t\t\t\t\tfallbacks: {\n\t\t\t\t\t\t\t\t\tallowHTML5AutoPlayOnAndroid:true\n\t\t\t\t\t\t\t\t},\n\t\t\t\t\t\t\t});\n\t\t\t\t\t\t}\n\t\t\t\t\t\t\n\t\t\t\t\t});\n\t\t\t\t<\/script>\n\t\t\t<\/rs-module-wrap>\n\t\t\t<!-- END REVOLUTION SLIDER -->\n[\/vc_column][\/vc_row][vc_row][vc_column][vc_empty_space height=&#8221;100px&#8221;][\/vc_column][\/vc_row][vc_row][vc_column][vc_empty_space height=&#8221;20px&#8221;][vc_column_text]L\u2019un des plus grands d\u00e9fis de notre si\u00e8cle est de produire dans le respect de l\u2019environnement afin de pr\u00e9server la Terre pour les g\u00e9n\u00e9rations futures. La soci\u00e9t\u00e9 <strong>Bravi Caff\u00e8 Srl est depuis toujours attentive \u00e0\u00a0 son impact sur l\u2019environnement.<\/strong><\/p>\n<p>Les \u00e9missions issues de la torr\u00e9faction du caf\u00e9 sont drastiquement r\u00e9duites par le bruleur de fum\u00e9e et la consommation totale d\u2019\u00e9nergie est fournie par notre installation en photovolta\u00e0 que de 20KW install\u00e9e sur le toit de la soci\u00e9t\u00e9. Les syst\u00e8mes photovolta\u00e0 ques n\u2019\u00e9mettent aucun gaz.<\/p>\n<p>La production de 1KW d\u2019\u00e9nergie solaire, si on la compare \u00e0\u00a0 1KW d\u2019\u00e9nergie fossile permet d\u2019\u00e9viter l\u2019\u00e9mission de 0,53kg de dioxyde de carbone, qui est l\u2019un des principaux gaz responsable de l\u2019effet de serre. Depuis juillet 2012, nous avons lanc\u00e9 un programme de remplacement des v\u00e9hicules de livraison roulant \u00e0\u00a0 l\u2019essence par des v\u00e9hicules roulant au GPL. Nous avons commenc\u00e9 par l\u2019acquisition d\u2019une Fiat Dobl\u00f2 Natural Power, et sera atteint dans quelques ann\u00e9es.[\/vc_column_text][\/vc_column][\/vc_row][vc_row][vc_column][vc_empty_space height=&#8221;40px&#8221;][\/vc_column][\/vc_row][vc_row][vc_column width=&#8221;1\/2&#8243;][vc_single_image image=&#8221;1041&#8243; img_size=&#8221;full&#8221; alignment=&#8221;center&#8221;][\/vc_column][vc_column width=&#8221;1\/2&#8243;][vc_single_image image=&#8221;1049&#8243; img_size=&#8221;full&#8221; alignment=&#8221;center&#8221;][\/vc_column][\/vc_row][vc_row][vc_column][vc_empty_space height=&#8221;100px&#8221;][\/vc_column][\/vc_row]<\/p>\n","protected":false},"excerpt":{"rendered":"<p>[vc_row][vc_column][\/vc_column][\/vc_row][vc_row][vc_column][vc_empty_space height=&#8221;100px&#8221;][\/vc_column][\/vc_row][vc_row][vc_column][vc_empty_space height=&#8221;20px&#8221;][vc_column_text]L\u2019un des plus grands d\u00e9fis de notre si\u00e8cle est de produire dans le respect de l\u2019environnement afin de pr\u00e9server la Terre pour les g\u00e9n\u00e9rations futures. La soci\u00e9t\u00e9 Bravi Caff\u00e8 Srl est depuis toujours attentive \u00e0\u00a0 son impact sur l\u2019environnement. Les \u00e9missions issues de la torr\u00e9faction du caf\u00e9 sont drastiquement r\u00e9duites par le bruleur &hellip;<\/p>\n","protected":false},"author":1,"featured_media":0,"parent":0,"menu_order":0,"comment_status":"closed","ping_status":"closed","template":"","meta":[],"_links":{"self":[{"href":"https:\/\/bravicaffe.com\/fr\/wp-json\/wp\/v2\/pages\/1254"}],"collection":[{"href":"https:\/\/bravicaffe.com\/fr\/wp-json\/wp\/v2\/pages"}],"about":[{"href":"https:\/\/bravicaffe.com\/fr\/wp-json\/wp\/v2\/types\/page"}],"author":[{"embeddable":true,"href":"https:\/\/bravicaffe.com\/fr\/wp-json\/wp\/v2\/users\/1"}],"replies":[{"embeddable":true,"href":"https:\/\/bravicaffe.com\/fr\/wp-json\/wp\/v2\/comments?post=1254"}],"version-history":[{"count":2,"href":"https:\/\/bravicaffe.com\/fr\/wp-json\/wp\/v2\/pages\/1254\/revisions"}],"predecessor-version":[{"id":1256,"href":"https:\/\/bravicaffe.com\/fr\/wp-json\/wp\/v2\/pages\/1254\/revisions\/1256"}],"wp:attachment":[{"href":"https:\/\/bravicaffe.com\/fr\/wp-json\/wp\/v2\/media?parent=1254"}],"curies":[{"name":"wp","href":"https:\/\/api.w.org\/{rel}","templated":true}]}}