{"id":1068,"date":"2020-02-05T10:41:20","date_gmt":"2020-02-05T09:41:20","guid":{"rendered":"http:\/\/dev.bravicaffe.com\/home\/"},"modified":"2020-03-26T21:45:27","modified_gmt":"2020-03-26T20:45:27","slug":"home","status":"publish","type":"page","link":"https:\/\/bravicaffe.com\/pt-pt\/","title":{"rendered":"Home"},"content":{"rendered":"<p>[vc_row][vc_column]\n\t\t\t<!-- START Home REVOLUTION SLIDER 6.1.6 --><p class=\"rs-p-wp-fix\"><\/p>\n\t\t\t<rs-module-wrap id=\"rev_slider_1_1_wrapper\" data-source=\"gallery\" style=\"background:transparent;padding:0;margin:0px auto;margin-top:0;margin-bottom:0;\">\n\t\t\t\t<rs-module id=\"rev_slider_1_1\" style=\"display:none;\" data-version=\"6.1.6\">\n\t\t\t\t\t<rs-slides>\n\t\t\t\t\t\t<rs-slide data-key=\"rs-1\" data-title=\"Slide\" data-anim=\"ei:d;eo:d;s:1000;r:0;t:fade;sl:0;\">\n\t\t\t\t\t\t\t<img src=\"\/\/bravicaffe.com\/wp-content\/uploads\/2020\/02\/Slide-1.jpg\" title=\"Slide-1\" width=\"2400\" height=\"1600\" class=\"rev-slidebg\" data-no-retina>\n<!---->\t\t\t\t\t\t<\/rs-slide>\n\t\t\t\t\t\t<rs-slide data-key=\"rs-2\" data-title=\"Slide\" data-anim=\"ei:d;eo:d;s:1000;r:0;t:fade;sl:0;\">\n\t\t\t\t\t\t\t<img src=\"\/\/bravicaffe.com\/wp-content\/uploads\/2020\/02\/Slide-2.jpg\" title=\"Slide-2\" width=\"2400\" height=\"1397\" class=\"rev-slidebg\" data-no-retina>\n<!---->\t\t\t\t\t\t<\/rs-slide>\n\t\t\t\t\t<\/rs-slides>\n\t\t\t\t\t<rs-progress class=\"rs-bottom\" style=\"visibility: hidden !important;\"><\/rs-progress>\n\t\t\t\t<\/rs-module>\n\t\t\t\t<script type=\"text\/javascript\">\n\t\t\t\t\tsetREVStartSize({c: 'rev_slider_1_1',rl:[1240,1024,778,480],el:[600],gw:[1240],gh:[600],type:'standard',justify:'',layout:'fullwidth',mh:\"0\"});\n\t\t\t\t\tvar\trevapi1,\n\t\t\t\t\t\ttpj;\n\t\t\t\t\tjQuery(function() {\n\t\t\t\t\t\ttpj = jQuery;\n\t\t\t\t\t\tif(tpj(\"#rev_slider_1_1\").revolution == undefined){\n\t\t\t\t\t\t\trevslider_showDoubleJqueryError(\"#rev_slider_1_1\");\n\t\t\t\t\t\t}else{\n\t\t\t\t\t\t\trevapi1 = tpj(\"#rev_slider_1_1\").show().revolution({\n\t\t\t\t\t\t\t\tjsFileLocation:\"\/\/bravicaffe.com\/wp-content\/plugins\/revslider\/public\/assets\/js\/\",\n\t\t\t\t\t\t\t\tsliderLayout:\"fullwidth\",\n\t\t\t\t\t\t\t\tvisibilityLevels:\"1240,1024,778,480\",\n\t\t\t\t\t\t\t\tgridwidth:1240,\n\t\t\t\t\t\t\t\tgridheight:600,\n\t\t\t\t\t\t\t\tspinner:\"spinner0\",\n\t\t\t\t\t\t\t\teditorheight:\"600,768,960,720\",\n\t\t\t\t\t\t\t\tresponsiveLevels:\"1240,1024,778,480\",\n\t\t\t\t\t\t\t\tdisableProgressBar:\"on\",\n\t\t\t\t\t\t\t\tnavigation: {\n\t\t\t\t\t\t\t\t\tonHoverStop:false\n\t\t\t\t\t\t\t\t},\n\t\t\t\t\t\t\t\tfallbacks: {\n\t\t\t\t\t\t\t\t\tallowHTML5AutoPlayOnAndroid:true\n\t\t\t\t\t\t\t\t},\n\t\t\t\t\t\t\t});\n\t\t\t\t\t\t}\n\t\t\t\t\t\t\n\t\t\t\t\t});\n\t\t\t\t<\/script>\n\t\t\t<\/rs-module-wrap>\n\t\t\t<!-- END REVOLUTION SLIDER -->\n[\/vc_column][\/vc_row][vc_row][vc_column][vc_empty_space height=&#8221;40px&#8221;][\/vc_column][\/vc_row][vc_row][vc_column width=&#8221;1\/3&#8243;][interective_banner effects=&#8221;effect-bubba&#8221; url=&#8221;url:https%3A%2F%2Fbravicaffe.com%2Fhistory%2F%3Flang%3Dpt-pt|title:Hist%C3%B2ry||&#8221; titlesize=&#8221;26&#8243; clr=&#8221;#ffffff&#8221; image_id=&#8221;235&#8243; title=&#8221;HISTORY&#8221; desc=&#8221;A Bravi Caf\u00e9 Srl foi fundada em 1952 dos irm\u00e0\u00a3os bravi com abertura de um ponto de venda i degusta\u00e0\u00a7\u00e0\u00a3o. De uma loja a quatro i infim a alargar-se em passo r\u00e0pido.&#8221; caption_url=&#8221;&#8221;][\/vc_column][vc_column width=&#8221;1\/3&#8243;][interective_banner effects=&#8221;effect-bubba&#8221; url=&#8221;url:https%3A%2F%2Fbravicaffe.com%2Fproduzione%2F%3Flang%3Dpt-pt|title:Produ%C3%A7%C3%A3o||&#8221; titlesize=&#8221;26&#8243; clr=&#8221;#ffffff&#8221; image_id=&#8221;237&#8243; title=&#8221;PRODUCAO&#8221; desc=&#8221;No setor bar hoje a Bravi Caf\u00e8 tem uma faturaczao consolidada, i aponta mais na qualidade do produto i do servicio que na quantidade, conservou na mesma onivel artesanal do trabalho.&#8221; caption_url=&#8221;&#8221;][\/vc_column][vc_column width=&#8221;1\/3&#8243;][interective_banner effects=&#8221;effect-bubba&#8221; url=&#8221;url:https%3A%2F%2Fbravicaffe.com%2Fdistribuicao%2F%3Flang%3Dpt-pt|||&#8221; titlesize=&#8221;26&#8243; clr=&#8221;#ffffff&#8221; image_id=&#8221;238&#8243; title=&#8221;DISTRIBUICAO&#8221; desc=&#8221;A Bravi Caf\u00e9 distribui os seus produtos diretamente a Roma i na Lazio, com meios proprios i agentes encaregados (altamente especializados na se\u00e7\u00e3o Bar) nas outras zonas da Italia i estrangeiro com concession\u00e0\u00a1rios exclusivos.&#8221; caption_url=&#8221;&#8221;][\/vc_column][\/vc_row][vc_row][vc_column][vc_empty_space height=&#8221;80px&#8221;][\/vc_column][\/vc_row][vc_row][vc_column width=&#8221;1\/2&#8243;][vc_single_image image=&#8221;547&#8243; img_size=&#8221;full&#8221;][vc_empty_space height=&#8221;20px&#8221;][\/vc_column][vc_column width=&#8221;1\/2&#8243;][vc_custom_heading text=&#8221;CAF\u00c8&#8221; font_container=&#8221;tag:h1|text_align:left&#8221; use_theme_fonts=&#8221;yes&#8221;][vc_separator][vc_empty_space height=&#8221;20px&#8221;][vc_column_text]<strong>Famiglia<\/strong> Rubicacee<br \/>\n<strong>Genere<\/strong> Coffeea<br \/>\nle due specie pi\u00f9 conosciute sono <strong>robusta<\/strong> ed <strong>arabica<\/strong>.<\/p>\n<p style=\"text-align: justify;\">Crescono nella zona tropicale a cavallo dell\u2019equatore, il robusta tra i 200 ed i 600 metri, mentre l\u2019arabica tra i 900 ed i 2000 metri; Si tratta di due piante diverse tra loro, oltre alla diversa altitudine di coltivazione, differiscono anche nella forma delle foglie e dei frutti, all\u2019 interno dei quali si formano i grani. La raccolta: il diverso stato di maturazione delle ciliegie influenza la scelta dei coltivatori sul metodo di raccolta: picking o stripping?<\/p>\n<p style=\"text-align: justify;\">Il primo metodo consiste nel selezionare e quindi raccogliere a mano solo le ciliegie rosse mature, mentre il secondo \u00e8 pi\u00f9 brutale: si prende un rametto e lo si fa passare tra le dita e ci\u00f2 che si prende si prende. Una volta raccolta la ciliegia, \u00e8 necessario, procedere all\u2019 estrazione del seme. Si pu\u00f2 scegliere tra il trattamento a socco o quello in umido: il primo ci da i caff\u00e8 naturali, il secondo i caff\u00e8 lavati. A questo punto abbiamo finalmente ottenuto il caff\u00e8 verde.<\/p>\n<p style=\"text-align: justify;\">Abitualmente nei magazzini di stoccaggio, questo viene sottoposto ad un ulteriore selezione: provenienza, regione, numero di difetti, colore, grossezza della grana, metodo di lavorazione ed annata del raccolto. Prima di essere imbarcato per il trasporto nei paesi acquirenti , il caff\u00e8 viene trasferito in sacchi nuovi di juta da 60 kg. Il prodotto viaggia in mare in container ventilati. <a href=\"https:\/\/bravicaffe.com\/cafe\/?lang=pt-pt\">Continua a leggere<\/a><\/p>\n<p>[\/vc_column_text][\/vc_column][\/vc_row][vc_row][vc_column][vc_empty_space height=&#8221;80px&#8221;][\/vc_column][\/vc_row][vc_row type=&#8221;full-nopad&#8221; parallax=&#8221;static&#8221; parallax_image=&#8221;157&#8243;][vc_column][vc_empty_space height=&#8221;80px&#8221;][vc_custom_heading text=&#8221;I PRODOTTI&#8221; font_container=&#8221;tag:h1|font_size:40px|text_align:center|color:%23ffffff&#8221; google_fonts=&#8221;font_family:Source%20Sans%20Pro%3A200%2C200italic%2C300%2C300italic%2Cregular%2Citalic%2C600%2C600italic%2C700%2C700italic%2C900%2C900italic|font_style:600%20bold%20regular%3A600%3Anormal&#8221;][vc_row_inner type=&#8221;boxed&#8221; css=&#8221;.vc_custom_1581762516628{padding-right: 5% !important;padding-left: 5% !important;}&#8221;][vc_column_inner width=&#8221;1\/4&#8243;][vc_empty_space height=&#8221;80px&#8221;][vc_single_image image=&#8221;603&#8243; img_size=&#8221;120&#215;95&#8243; alignment=&#8221;center&#8221; onclick=&#8221;custom_link&#8221; link=&#8221;\/cafe-moido\/?lang=pt-pt&#8221;][vc_empty_space height=&#8221;20px&#8221;][vc_custom_heading text=&#8221;CAF\u00c8 MOIDO&#8221; font_container=&#8221;tag:h2|text_align:center|color:%23ffffff&#8221; use_theme_fonts=&#8221;yes&#8221;][vc_empty_space height=&#8221;150px&#8221;][\/vc_column_inner][vc_column_inner width=&#8221;1\/4&#8243;][vc_empty_space height=&#8221;80px&#8221;][vc_single_image image=&#8221;611&#8243; img_size=&#8221;136&#215;95&#8243; alignment=&#8221;center&#8221; onclick=&#8221;custom_link&#8221; link=&#8221;\/cafe-nas-groes\/?lang=pt-pt&#8221;][vc_empty_space height=&#8221;20px&#8221;][vc_custom_heading text=&#8221;CAFF\u00c8 NAS GROES&#8221; font_container=&#8221;tag:h2|text_align:center|color:%23ffffff&#8221; use_theme_fonts=&#8221;yes&#8221;][vc_empty_space height=&#8221;150px&#8221;][\/vc_column_inner][vc_column_inner width=&#8221;1\/4&#8243;][vc_empty_space height=&#8221;80px&#8221;][vc_single_image image=&#8221;619&#8243; img_size=&#8221;115&#215;95&#8243; alignment=&#8221;center&#8221; onclick=&#8221;custom_link&#8221; link=&#8221;\/maquinas\/?lang=pt-pt&#8221;][vc_empty_space height=&#8221;20px&#8221;][vc_custom_heading text=&#8221;MAQUINAS&#8221; font_container=&#8221;tag:h2|text_align:center|color:%23ffffff&#8221; use_theme_fonts=&#8221;yes&#8221;][vc_empty_space height=&#8221;150px&#8221;][\/vc_column_inner][vc_column_inner width=&#8221;1\/4&#8243;][vc_empty_space height=&#8221;80px&#8221;][vc_single_image image=&#8221;643&#8243; img_size=&#8221;118&#215;95&#8243; alignment=&#8221;center&#8221; onclick=&#8221;custom_link&#8221; link=&#8221;\/artigos-de-promo\/?lang=pt-pt&#8221;][vc_empty_space height=&#8221;20px&#8221;][vc_custom_heading text=&#8221;ARTIGOS DE PROMO&#8221; font_container=&#8221;tag:h2|text_align:center|color:%23ffffff&#8221; use_theme_fonts=&#8221;yes&#8221;][vc_empty_space height=&#8221;150px&#8221;][\/vc_column_inner][\/vc_row_inner][\/vc_column][\/vc_row][vc_row][vc_column][vc_empty_space height=&#8221;60px&#8221;][\/vc_column][\/vc_row][vc_row type=&#8221;boxed&#8221;][vc_column width=&#8221;1\/4&#8243;][\/vc_column][vc_column width=&#8221;1\/4&#8243;][vc_single_image image=&#8221;507&#8243; alignment=&#8221;center&#8221;][\/vc_column][vc_column width=&#8221;1\/4&#8243;][vc_column_text]<\/p>\n<p style=\"text-align: center;\"><em>&#8220;La nostra mission \u00e8 mettere a disposizione del cliente: bar, hotel, ristorante, grossista, ufficio e famiglia, qualit\u00e0, passione, tecnologia e servizio al fine di ottenere ovunque, da Roma fino al resto del mondo, l&#8217;espresso perfetto.&#8221;<\/em><\/p>\n<p style=\"text-align: right;\">Fam. Ciravegna<\/p>\n<p>[\/vc_column_text][\/vc_column][vc_column width=&#8221;1\/4&#8243;][\/vc_column][\/vc_row][vc_row type=&#8221;boxed&#8221; css=&#8221;.vc_custom_1581761475666{padding-right: 5% !important;padding-left: 5% !important;}&#8221;][vc_column width=&#8221;1\/4&#8243;][\/vc_column][vc_column width=&#8221;1\/2&#8243;][vc_empty_space height=&#8221;30px&#8221;]<div role=\"form\" class=\"wpcf7\" id=\"wpcf7-f8-o1\" lang=\"it-IT\" dir=\"ltr\">\n<div class=\"screen-reader-response\"><p role=\"status\" aria-live=\"polite\" aria-atomic=\"true\"><\/p> <ul><\/ul><\/div>\n<form action=\"\/pt-pt\/wp-json\/wp\/v2\/pages\/1068#wpcf7-f8-o1\" method=\"post\" class=\"wpcf7-form init\" novalidate=\"novalidate\" data-status=\"init\">\n<div style=\"display: none;\">\n<input type=\"hidden\" name=\"_wpcf7\" value=\"8\" \/>\n<input type=\"hidden\" name=\"_wpcf7_version\" value=\"5.3.2\" \/>\n<input type=\"hidden\" name=\"_wpcf7_locale\" value=\"it_IT\" \/>\n<input type=\"hidden\" name=\"_wpcf7_unit_tag\" value=\"wpcf7-f8-o1\" \/>\n<input type=\"hidden\" name=\"_wpcf7_container_post\" value=\"0\" \/>\n<input type=\"hidden\" name=\"_wpcf7_posted_data_hash\" value=\"\" \/>\n<\/div>\n<p><label> NOME*<br \/>\n    <span class=\"wpcf7-form-control-wrap your-name\"><input type=\"text\" name=\"your-name\" value=\"\" size=\"40\" class=\"wpcf7-form-control wpcf7-text wpcf7-validates-as-required\" aria-required=\"true\" aria-invalid=\"false\" \/><\/span> <\/label><\/p>\n<p><label> EMAIL*<br \/>\n    <span class=\"wpcf7-form-control-wrap your-email\"><input type=\"email\" name=\"your-email\" value=\"\" size=\"40\" class=\"wpcf7-form-control wpcf7-text wpcf7-email wpcf7-validates-as-required wpcf7-validates-as-email\" aria-required=\"true\" aria-invalid=\"false\" \/><\/span> <\/label><\/p>\n<p><label> OGGETTO<br \/>\n    <span class=\"wpcf7-form-control-wrap your-subject\"><input type=\"text\" name=\"your-subject\" value=\"\" size=\"40\" class=\"wpcf7-form-control wpcf7-text\" aria-invalid=\"false\" \/><\/span> <\/label><\/p>\n<p><label> MESSAGGIO<br \/>\n    <span class=\"wpcf7-form-control-wrap your-message\"><textarea name=\"your-message\" cols=\"40\" rows=\"10\" class=\"wpcf7-form-control wpcf7-textarea\" aria-invalid=\"false\"><\/textarea><\/span> <\/label><\/p>\n<p><label><br \/>\n<span class=\"wpcf7-form-control-wrap AcconsentoaltrattamentodatisecondoilregolamentoUE2016679GDPR\"><span class=\"wpcf7-form-control wpcf7-acceptance\"><span class=\"wpcf7-list-item\"><label><input type=\"checkbox\" name=\"AcconsentoaltrattamentodatisecondoilregolamentoUE2016679GDPR\" value=\"1\" aria-invalid=\"false\" \/><span class=\"wpcf7-list-item-label\">Acconsento al trattamento dati secondo il regolamento UE 2016\/679 (GDPR)*<\/span><\/label><\/span><\/span><\/span><\/label><\/p>\n<p><input type=\"submit\" value=\"INVIA\" class=\"wpcf7-form-control wpcf7-submit\" \/><\/p>\n<div class=\"wpcf7-response-output\" aria-hidden=\"true\"><\/div><\/form><\/div>[vc_empty_space height=&#8221;30px&#8221;][\/vc_column][vc_column width=&#8221;1\/4&#8243;][\/vc_column][\/vc_row][vc_row][vc_column][vc_empty_space height=&#8221;60px&#8221;][\/vc_column][\/vc_row]<\/p>\n","protected":false},"excerpt":{"rendered":"<p>[vc_row][vc_column][\/vc_column][\/vc_row][vc_row][vc_column][vc_empty_space height=&#8221;40px&#8221;][\/vc_column][\/vc_row][vc_row][vc_column width=&#8221;1\/3&#8243;][interective_banner effects=&#8221;effect-bubba&#8221; url=&#8221;url:https%3A%2F%2Fbravicaffe.com%2Fhistory%2F%3Flang%3Dpt-pt|title:Hist%C3%B2ry||&#8221; titlesize=&#8221;26&#8243; clr=&#8221;#ffffff&#8221; image_id=&#8221;235&#8243; title=&#8221;HISTORY&#8221; desc=&#8221;A Bravi Caf\u00e9 Srl foi fundada em 1952 dos irm\u00e0\u00a3os bravi com abertura de um ponto de venda i degusta\u00e0\u00a7\u00e0\u00a3o. De uma loja a quatro i infim a alargar-se em passo r\u00e0pido.&#8221; caption_url=&#8221;&#8221;][\/vc_column][vc_column width=&#8221;1\/3&#8243;][interective_banner effects=&#8221;effect-bubba&#8221; url=&#8221;url:https%3A%2F%2Fbravicaffe.com%2Fproduzione%2F%3Flang%3Dpt-pt|title:Produ%C3%A7%C3%A3o||&#8221; titlesize=&#8221;26&#8243; clr=&#8221;#ffffff&#8221; image_id=&#8221;237&#8243; title=&#8221;PRODUCAO&#8221; desc=&#8221;No setor bar hoje a Bravi &hellip;<\/p>\n","protected":false},"author":1,"featured_media":0,"parent":0,"menu_order":0,"comment_status":"closed","ping_status":"closed","template":"templates\/page-full.php","meta":[],"_links":{"self":[{"href":"https:\/\/bravicaffe.com\/pt-pt\/wp-json\/wp\/v2\/pages\/1068"}],"collection":[{"href":"https:\/\/bravicaffe.com\/pt-pt\/wp-json\/wp\/v2\/pages"}],"about":[{"href":"https:\/\/bravicaffe.com\/pt-pt\/wp-json\/wp\/v2\/types\/page"}],"author":[{"embeddable":true,"href":"https:\/\/bravicaffe.com\/pt-pt\/wp-json\/wp\/v2\/users\/1"}],"replies":[{"embeddable":true,"href":"https:\/\/bravicaffe.com\/pt-pt\/wp-json\/wp\/v2\/comments?post=1068"}],"version-history":[{"count":5,"href":"https:\/\/bravicaffe.com\/pt-pt\/wp-json\/wp\/v2\/pages\/1068\/revisions"}],"predecessor-version":[{"id":1286,"href":"https:\/\/bravicaffe.com\/pt-pt\/wp-json\/wp\/v2\/pages\/1068\/revisions\/1286"}],"wp:attachment":[{"href":"https:\/\/bravicaffe.com\/pt-pt\/wp-json\/wp\/v2\/media?parent=1068"}],"curies":[{"name":"wp","href":"https:\/\/api.w.org\/{rel}","templated":true}]}}